{"id":30249,"date":"2023-08-24T20:15:00","date_gmt":"2023-08-24T20:15:00","guid":{"rendered":"https:\/\/sites.generatepress.com\/nomad\/?page_id=30249"},"modified":"2026-04-01T07:17:44","modified_gmt":"2026-04-01T07:17:44","slug":"privacy-policy","status":"publish","type":"page","link":"https:\/\/www.2usa.org\/pt\/privacy-policy\/","title":{"rendered":"pol\u00edtica de Privacidade"},"content":{"rendered":"<div class=\"gbp-section\">\n<div class=\"gbp-section__inner\">\n<h1 class=\"wp-block-heading\">pol\u00edtica de Privacidade<\/h1>\n\n\n\n<p><strong>Data de entrada em vigor:<\/strong>\u00a01\u00ba de abril de 2026<br><strong>\u00daltima atualiza\u00e7\u00e3o:<\/strong>\u00a01\u00ba de abril de 2026<\/p>\n\n\n\n<p>Esta Pol\u00edtica de Privacidade descreve como&nbsp;<strong>2EUA<\/strong>&nbsp;(\u201c<strong>2EUA<\/strong>,\u201d \u201c<strong>n\u00f3s<\/strong>,\u201d \u201c<strong>n\u00f3s<\/strong>,&quot; ou &quot;\u201d<strong>nosso<\/strong>\u201dA empresa coleta, usa, divulga e protege informa\u00e7\u00f5es obtidas por meio do site localizado em&nbsp;<strong><a href=\"http:\/\/www.2usa.org\/pt\/\" rel=\"noreferrer noopener\" target=\"_blank\">www.2usa.org<\/a><\/strong>&nbsp;(o &quot;\u201c<strong>Site<\/strong>\u201d).<\/p>\n\n\n\n<p>Ao acessar ou usar o Site, voc\u00ea reconhece que leu e compreendeu esta Pol\u00edtica de Privacidade.<\/p>\n\n\n\n<h2 class=\"wp-block-heading\">1. \u00c2mbito desta Pol\u00edtica de Privacidade<\/h2>\n\n\n\n<p>Esta Pol\u00edtica de Privacidade aplica-se exclusivamente \u00e0s informa\u00e7\u00f5es coletadas por meio do Site. Ela explica quais informa\u00e7\u00f5es podem ser coletadas automaticamente quando os usu\u00e1rios visitam o Site, como essas informa\u00e7\u00f5es s\u00e3o usadas e os direitos e op\u00e7\u00f5es dispon\u00edveis aos visitantes.<\/p>\n\n\n\n<p>2USA \u00e9 um site de not\u00edcias e informa\u00e7\u00f5es. N\u00e3o exigimos que os usu\u00e1rios criem contas e n\u00e3o coletamos intencionalmente informa\u00e7\u00f5es de identifica\u00e7\u00e3o pessoal por meio do uso comum do site, exceto por dados limitados coletados automaticamente.&nbsp;<strong>Google Analytics<\/strong>&nbsp;Para an\u00e1lise de tr\u00e1fego e medi\u00e7\u00e3o de desempenho de sites.<\/p>\n\n\n\n<h2 class=\"wp-block-heading\">2. Informa\u00e7\u00f5es que coletamos<\/h2>\n\n\n\n<h3 class=\"wp-block-heading\">2.1 Informa\u00e7\u00f5es coletadas automaticamente<\/h3>\n\n\n\n<p>Ao acessar ou navegar no Site, certas informa\u00e7\u00f5es podem ser coletadas automaticamente por meio de tecnologias de an\u00e1lise, incluindo o Google Analytics. Essas informa\u00e7\u00f5es podem incluir, entre outras:<\/p>\n\n\n\n<ul class=\"wp-block-list\">\n<li>Endere\u00e7o de Protocolo da Internet (IP)<\/li>\n\n\n\n<li>Tipo e vers\u00e3o do navegador<\/li>\n\n\n\n<li>Tipo de dispositivo<\/li>\n\n\n\n<li>Sistema operacional<\/li>\n\n\n\n<li>Localiza\u00e7\u00e3o geogr\u00e1fica aproximada<\/li>\n\n\n\n<li>Site ou fonte de refer\u00eancia<\/li>\n\n\n\n<li>P\u00e1ginas visualizadas<\/li>\n\n\n\n<li>Tempo gasto nas p\u00e1ginas<\/li>\n\n\n\n<li>Caminhos de navega\u00e7\u00e3o e comportamento geral de uso<\/li>\n\n\n\n<li>Data e hora de acesso<\/li>\n<\/ul>\n\n\n\n<p>Essas informa\u00e7\u00f5es geralmente s\u00e3o coletadas de forma agregada ou pseudonimizada e s\u00e3o usadas para fins estat\u00edsticos, anal\u00edticos e de melhoria do site.<\/p>\n\n\n\n<h3 class=\"wp-block-heading\">2.2 Informa\u00e7\u00f5es Pessoais<\/h3>\n\n\n\n<p>Sim, fazemos&nbsp;<strong>n\u00e3o<\/strong>&nbsp;coletar intencionalmente informa\u00e7\u00f5es pessoais, tais como:<\/p>\n\n\n\n<ul class=\"wp-block-list\">\n<li>Nome completo<\/li>\n\n\n\n<li>Endere\u00e7o residencial ou para correspond\u00eancia<\/li>\n\n\n\n<li>N\u00famero de telefone<\/li>\n\n\n\n<li>Informa\u00e7\u00f5es de pagamento<\/li>\n\n\n\n<li>Informa\u00e7\u00f5es de identifica\u00e7\u00e3o do governo<\/li>\n<\/ul>\n\n\n\n<p>a menos que tais informa\u00e7\u00f5es sejam fornecidas voluntariamente por voc\u00ea atrav\u00e9s de um canal de comunica\u00e7\u00e3o separado, como por exemplo, correspond\u00eancia por e-mail iniciada por voc\u00ea.<\/p>\n\n\n\n<h2 class=\"wp-block-heading\">3. Utiliza\u00e7\u00e3o da Informa\u00e7\u00e3o<\/h2>\n\n\n\n<p>Podemos usar as informa\u00e7\u00f5es coletadas por meio do Site para fins comerciais e operacionais leg\u00edtimos, incluindo:<\/p>\n\n\n\n<ul class=\"wp-block-list\">\n<li>Monitore e analise o tr\u00e1fego e as tend\u00eancias de uso do site.<\/li>\n\n\n\n<li>Entenda como os visitantes interagem com o site.<\/li>\n\n\n\n<li>Melhorar o conte\u00fado, o desempenho, a funcionalidade e a usabilidade do site.<\/li>\n\n\n\n<li>Manter a seguran\u00e7a e a integridade do Site<\/li>\n\n\n\n<li>Diagnosticar problemas t\u00e9cnicos<\/li>\n\n\n\n<li>Avalie a efic\u00e1cia e o alcance do conte\u00fado publicado.<\/li>\n<\/ul>\n\n\n\n<p>N\u00e3o utilizamos dados anal\u00edticos do site para identificar diretamente usu\u00e1rios individuais para fins de marketing ou cria\u00e7\u00e3o de perfis.<\/p>\n\n\n\n<h2 class=\"wp-block-heading\">4. Google Analytics<\/h2>\n\n\n\n<p>O Site utiliza&nbsp;<strong>Google Analytics<\/strong>, O Google Analytics \u00e9 um servi\u00e7o de an\u00e1lise da web fornecido pelo Google, usado para coletar e processar determinados dados de uso. O Google Analytics pode usar cookies, pixels ou tecnologias semelhantes para coletar informa\u00e7\u00f5es sobre o uso do Site e gerar relat\u00f3rios sobre a atividade do site.<\/p>\n\n\n\n<p>As informa\u00e7\u00f5es coletadas pelo Google Analytics podem incluir dados t\u00e9cnicos e relacionados ao uso, como seu endere\u00e7o IP, tipo de navegador, informa\u00e7\u00f5es do dispositivo e intera\u00e7\u00f5es com o site. Essas informa\u00e7\u00f5es s\u00e3o processadas de acordo com as pr\u00e1ticas de privacidade do Google.<\/p>\n\n\n\n<p>Para obter mais informa\u00e7\u00f5es sobre como o Google coleta e processa dados, consulte a Pol\u00edtica de Privacidade do Google em:<\/p>\n\n\n\n<p><a href=\"https:\/\/policies.google.com\/privacy\">https:\/\/policies.google.com\/privacy<\/a><\/p>\n\n\n\n<p>Os usu\u00e1rios podem optar por n\u00e3o participar do Google Analytics instalando o complemento de navegador para desativa\u00e7\u00e3o do Google Analytics, dispon\u00edvel em:<\/p>\n\n\n\n<p><a href=\"https:\/\/tools.google.com\/dlpage\/gaoptout\">https:\/\/tools.google.com\/dlpage\/gaoptout<\/a><\/p>\n\n\n\n<h2 class=\"wp-block-heading\">5. Cookies e tecnologias semelhantes<\/h2>\n\n\n\n<p>O Site pode usar cookies e tecnologias de rastreamento semelhantes em conjunto com o Google Analytics. Cookies s\u00e3o pequenos arquivos de texto armazenados no dispositivo do usu\u00e1rio para ajudar os sites a funcionarem de forma eficiente e para fornecer informa\u00e7\u00f5es anal\u00edticas.<\/p>\n\n\n\n<p>Essas tecnologias podem ser usadas para:<\/p>\n\n\n\n<ul class=\"wp-block-list\">\n<li>Reconhecer visitas repetidas<\/li>\n\n\n\n<li>Medir padr\u00f5es de tr\u00e1fego<\/li>\n\n\n\n<li>Analisar o engajamento dos visitantes<\/li>\n\n\n\n<li>Melhorar a experi\u00eancia geral do site<\/li>\n<\/ul>\n\n\n\n<p>A maioria dos navegadores da web permite que os usu\u00e1rios controlem os cookies por meio das configura\u00e7\u00f5es do navegador. Voc\u00ea pode optar por bloquear ou desativar os cookies; no entanto, isso pode afetar o funcionamento ou o desempenho de certos aspectos do Site.<\/p>\n\n\n\n<h2 class=\"wp-block-heading\">6. Fundamento jur\u00eddico e finalidade do tratamento<\/h2>\n\n\n\n<p>Na medida em que for aplic\u00e1vel de acordo com as leis de privacidade relevantes, as informa\u00e7\u00f5es anal\u00edticas limitadas processadas por meio do Site s\u00e3o usadas para fins leg\u00edtimos, incluindo:<\/p>\n\n\n\n<ul class=\"wp-block-list\">\n<li>Opera\u00e7\u00e3o e manuten\u00e7\u00e3o do Site<\/li>\n\n\n\n<li>Entendendo o engajamento do p\u00fablico<\/li>\n\n\n\n<li>Melhorar a usabilidade e a entrega de conte\u00fado.<\/li>\n\n\n\n<li>Prote\u00e7\u00e3o do Site contra uso indevido ou falhas t\u00e9cnicas<\/li>\n<\/ul>\n\n\n\n<p>N\u00e3o vendemos dados de usu\u00e1rios e n\u00e3o coletamos intencionalmente informa\u00e7\u00f5es pessoais para fins de revenda de publicidade.<\/p>\n\n\n\n<h2 class=\"wp-block-heading\">7. Divulga\u00e7\u00e3o de informa\u00e7\u00f5es<\/h2>\n\n\n\n<p>Como n\u00e3o coletamos intencionalmente informa\u00e7\u00f5es pessoais por meio do uso normal do Site, n\u00e3o divulgamos essas informa\u00e7\u00f5es a terceiros, exceto nas seguintes situa\u00e7\u00f5es:<\/p>\n\n\n\n<ul class=\"wp-block-list\">\n<li>Para provedores de servi\u00e7os que oferecem suporte a an\u00e1lises ou funcionalidades de sites, incluindo o Google Analytics.<\/li>\n\n\n\n<li>Quando exigido pela legisla\u00e7\u00e3o aplic\u00e1vel, processo legal, intima\u00e7\u00e3o, ordem judicial ou solicita\u00e7\u00e3o governamental.<\/li>\n\n\n\n<li>A divulga\u00e7\u00e3o ser\u00e1 necess\u00e1ria para proteger os direitos, a seguran\u00e7a ou a propriedade da 2USA, de seus usu\u00e1rios ou de terceiros.<\/li>\n\n\n\n<li>Em conex\u00e3o com uma transfer\u00eancia de neg\u00f3cios, fus\u00e3o, reestrutura\u00e7\u00e3o ou transa\u00e7\u00e3o organizacional similar, na medida permitida por lei.<\/li>\n<\/ul>\n\n\n\n<p>Qualquer prestador de servi\u00e7os terceirizado pode processar informa\u00e7\u00f5es de acordo com seus pr\u00f3prios termos de privacidade e obriga\u00e7\u00f5es legais aplic\u00e1veis.<\/p>\n\n\n\n<h2 class=\"wp-block-heading\">8. Reten\u00e7\u00e3o de Dados<\/h2>\n\n\n\n<p>As informa\u00e7\u00f5es relacionadas \u00e0 an\u00e1lise de dados podem ser retidas pelo tempo que for razoavelmente necess\u00e1rio para cumprir as finalidades descritas nesta Pol\u00edtica de Privacidade, incluindo medi\u00e7\u00e3o de tr\u00e1fego, an\u00e1lise de desempenho do site, manuten\u00e7\u00e3o t\u00e9cnica e relat\u00f3rios de tend\u00eancias, sujeitas a quaisquer configura\u00e7\u00f5es de reten\u00e7\u00e3o definidas no Google Analytics ou em outros provedores de servi\u00e7os aplic\u00e1veis.<\/p>\n\n\n\n<h2 class=\"wp-block-heading\">9. Transfer\u00eancias Internacionais de Dados<\/h2>\n\n\n\n<p>O Site pode ser acessado internacionalmente. As informa\u00e7\u00f5es coletadas por meio de tecnologias de an\u00e1lise podem ser processadas ou armazenadas nos Estados Unidos ou em outras jurisdi\u00e7\u00f5es onde nossos provedores de servi\u00e7os operam.<\/p>\n\n\n\n<p>Ao utilizar o Site, voc\u00ea reconhece que as informa\u00e7\u00f5es podem ser transferidas e processadas em jurisdi\u00e7\u00f5es que podem n\u00e3o oferecer o mesmo n\u00edvel de prote\u00e7\u00e3o de dados que o seu pa\u00eds de resid\u00eancia.<\/p>\n\n\n\n<h2 class=\"wp-block-heading\">10. Seguran\u00e7a de Dados<\/h2>\n\n\n\n<p>Adotamos medidas administrativas, t\u00e9cnicas e organizacionais razo\u00e1veis para ajudar a proteger o Site e as informa\u00e7\u00f5es limitadas processadas em conex\u00e3o com sua opera\u00e7\u00e3o. No entanto, nenhum site, transmiss\u00e3o pela internet ou sistema de armazenamento de dados pode ser considerado completamente seguro.<\/p>\n\n\n\n<p>Assim sendo, embora nos esforcemos para proteger as informa\u00e7\u00f5es, n\u00e3o garantimos seguran\u00e7a absoluta.<\/p>\n\n\n\n<h2 class=\"wp-block-heading\">11. Links e servi\u00e7os de terceiros<\/h2>\n\n\n\n<p>O Site pode conter links para sites de terceiros, fontes governamentais ou outras plataformas externas. Esta Pol\u00edtica de Privacidade n\u00e3o se aplica a sites ou servi\u00e7os de terceiros, e n\u00e3o nos responsabilizamos pelas pr\u00e1ticas de privacidade, seguran\u00e7a ou conte\u00fado desses terceiros.<\/p>\n\n\n\n<p>Os usu\u00e1rios devem revisar as pol\u00edticas de privacidade de quaisquer sites externos que visitarem.<\/p>\n\n\n\n<h2 class=\"wp-block-heading\">12. Privacidade das crian\u00e7as<\/h2>\n\n\n\n<p>O Site n\u00e3o se destina a crian\u00e7as menores de 13 anos e n\u00e3o coletamos intencionalmente informa\u00e7\u00f5es pessoais de crian\u00e7as por meio do Site. Caso tomemos conhecimento de que informa\u00e7\u00f5es pessoais de uma crian\u00e7a foram coletadas em viola\u00e7\u00e3o da legisla\u00e7\u00e3o aplic\u00e1vel, tomaremos as medidas cab\u00edveis para excluir tais informa\u00e7\u00f5es.<\/p>\n\n\n\n<h2 class=\"wp-block-heading\">13. Seus direitos e op\u00e7\u00f5es<\/h2>\n\n\n\n<p>Dependendo da sua jurisdi\u00e7\u00e3o, voc\u00ea pode ter certos direitos em rela\u00e7\u00e3o \u00e0s informa\u00e7\u00f5es que lhe dizem respeito, incluindo o direito de solicitar acesso, corre\u00e7\u00e3o, exclus\u00e3o, restri\u00e7\u00e3o ou obje\u00e7\u00e3o, quando aplic\u00e1vel por lei.<\/p>\n\n\n\n<p>Como a 2USA n\u00e3o coleta intencionalmente informa\u00e7\u00f5es pessoais dos usu\u00e1rios por meio da opera\u00e7\u00e3o normal do Site, tais direitos podem ser limitados na pr\u00e1tica. No entanto, os usu\u00e1rios podem exercer certas op\u00e7\u00f5es por meio de:<\/p>\n\n\n\n<ul class=\"wp-block-list\">\n<li>Ajustando as configura\u00e7\u00f5es de cookies do navegador<\/li>\n\n\n\n<li>Utilizando controles de privacidade ou extens\u00f5es de navegador<\/li>\n\n\n\n<li>Desativar o Google Analytics atrav\u00e9s das ferramentas dispon\u00edveis do Google<\/li>\n\n\n\n<li>Entre em contato conosco para assuntos relacionados \u00e0 privacidade.<\/li>\n<\/ul>\n\n\n\n<h2 class=\"wp-block-heading\">14. N\u00e3o rastrear<\/h2>\n\n\n\n<p>Alguns navegadores podem transmitir sinais de &quot;N\u00e3o rastrear&quot;. Como atualmente n\u00e3o existe um padr\u00e3o universalmente aceito para responder a esses sinais, o Site pode n\u00e3o responder a eles de maneira consistente.<\/p>\n\n\n\n<h2 class=\"wp-block-heading\">15. Altera\u00e7\u00f5es a esta Pol\u00edtica de Privacidade<\/h2>\n\n\n\n<p>Reservamo-nos o direito de alterar, revisar ou atualizar esta Pol\u00edtica de Privacidade a qualquer momento, a nosso exclusivo crit\u00e9rio. Quaisquer altera\u00e7\u00f5es entrar\u00e3o em vigor ap\u00f3s a publica\u00e7\u00e3o da Pol\u00edtica de Privacidade revisada no Site, salvo indica\u00e7\u00e3o em contr\u00e1rio. A data de \u201cVig\u00eancia\u201d ou \u201c\u00daltima Atualiza\u00e7\u00e3o\u201d no topo desta p\u00e1gina indicar\u00e1 quando esta Pol\u00edtica de Privacidade foi revisada pela \u00faltima vez.<\/p>\n\n\n\n<p>O uso continuado do Site ap\u00f3s a publica\u00e7\u00e3o de quaisquer altera\u00e7\u00f5es constitui sua aceita\u00e7\u00e3o da Pol\u00edtica de Privacidade revisada.<\/p>\n\n\n\n<h2 class=\"wp-block-heading\">16. Informa\u00e7\u00f5es de contato<\/h2>\n\n\n\n<p>Caso tenha d\u00favidas, preocupa\u00e7\u00f5es ou solicita\u00e7\u00f5es referentes a esta Pol\u00edtica de Privacidade, entre em contato conosco atrav\u00e9s do seguinte endere\u00e7o:<\/p>\n\n\n\n<p><strong>2USA News Inc.<\/strong><br><strong>Site:<\/strong>\u00a0<a href=\"https:\/\/www.2usa.org\/pt\/\" target=\"_blank\" rel=\"noreferrer noopener\">https:\/\/www.2usa.org<\/a><br><strong>E-mail:<\/strong>\u00a0privacy@2usa.org<br><strong>Endere\u00e7o para correspond\u00eancia:<\/strong> 116 44th St NE, Washington, DC, Estados Unidos da Am\u00e9rica.<\/p>\n<\/div>\n<\/div>","protected":false},"excerpt":{"rendered":"<p>Pol\u00edtica de Privacidade Data de vig\u00eancia: 1\u00ba de abril de 2026 \u00daltima atualiza\u00e7\u00e3o: 1\u00ba de abril de 2026 Esta Pol\u00edtica de Privacidade descreve como a 2USA (\u201c2USA\u201d, \u201cn\u00f3s\u201d, \u201cnos\u201d ou \u201cnossos\u201d) coleta, usa, divulga e protege as informa\u00e7\u00f5es obtidas por meio do website localizado em www.2usa.org (o \u201cSite\u201d). Ao acessar ou usar o Site, voc\u00ea reconhece que leu e compreendeu esta Pol\u00edtica de Privacidade. 1. Escopo desta Pol\u00edtica de Privacidade Esta Pol\u00edtica de Privacidade\u2026 <a title=\"pol\u00edtica de Privacidade\" class=\"read-more\" href=\"https:\/\/www.2usa.org\/pt\/privacy-policy\/\" aria-label=\"Leia mais sobre Pol\u00edtica de Privacidade\">Ler mais<\/a><\/p>","protected":false},"author":1,"featured_media":0,"parent":0,"menu_order":0,"comment_status":"closed","ping_status":"closed","template":"","meta":{"footnotes":""},"class_list":{"0":"post-30249","1":"page","2":"type-page","3":"status-publish","5":"no-featured-image-padding"},"yoast_head":"<!-- This site is optimized with the Yoast SEO Premium plugin v27.1 (Yoast SEO v27.1.1) - https:\/\/yoast.com\/product\/yoast-seo-premium-wordpress\/ -->\n<title>Privacy Policy - 2USA.org<\/title>\n<meta name=\"robots\" content=\"index, follow, max-snippet:-1, max-image-preview:large, max-video-preview:-1\" \/>\n<link rel=\"canonical\" href=\"https:\/\/www.2usa.org\/pt\/privacy-policy\/\" \/>\n<meta property=\"og:locale\" content=\"pt_PT\" \/>\n<meta property=\"og:type\" content=\"article\" \/>\n<meta property=\"og:title\" content=\"Privacy Policy\" \/>\n<meta property=\"og:description\" content=\"Privacy Policy Effective Date:\u00a0Apr 1st, 2026Last Updated:\u00a0Apr 1st, 2026 This Privacy Policy describes how&nbsp;2USA&nbsp;(\u201c2USA,\u201d \u201cwe,\u201d \u201cus,\u201d or \u201cour\u201d) collects, uses, discloses, and protects information obtained through the website located at&nbsp;www.2usa.org&nbsp;(the \u201cSite\u201d). By accessing or using the Site, you acknowledge that you have read and understood this Privacy Policy. 1. Scope of This Privacy Policy This ... Ler mais\" \/>\n<meta property=\"og:url\" content=\"https:\/\/www.2usa.org\/pt\/privacy-policy\/\" \/>\n<meta property=\"og:site_name\" content=\"2USA.org\" \/>\n<meta property=\"article:modified_time\" content=\"2026-04-01T07:17:44+00:00\" \/>\n<meta name=\"twitter:card\" content=\"summary_large_image\" \/>\n<meta name=\"twitter:label1\" content=\"Tempo estimado de leitura\" \/>\n\t<meta name=\"twitter:data1\" content=\"6 minutos\" \/>\n<script type=\"application\/ld+json\" class=\"yoast-schema-graph\">{\"@context\":\"https:\/\/schema.org\",\"@graph\":[{\"@type\":\"WebPage\",\"@id\":\"https:\/\/www.2usa.org\/privacy-policy\/\",\"url\":\"https:\/\/www.2usa.org\/privacy-policy\/\",\"name\":\"Privacy Policy - 2USA.org\",\"isPartOf\":{\"@id\":\"https:\/\/www.2usa.org\/#website\"},\"datePublished\":\"2023-08-24T20:15:00+00:00\",\"dateModified\":\"2026-04-01T07:17:44+00:00\",\"breadcrumb\":{\"@id\":\"https:\/\/www.2usa.org\/privacy-policy\/#breadcrumb\"},\"inLanguage\":\"pt-PT\",\"potentialAction\":[{\"@type\":\"ReadAction\",\"target\":[\"https:\/\/www.2usa.org\/privacy-policy\/\"]}]},{\"@type\":\"BreadcrumbList\",\"@id\":\"https:\/\/www.2usa.org\/privacy-policy\/#breadcrumb\",\"itemListElement\":[{\"@type\":\"ListItem\",\"position\":1,\"name\":\"Home\",\"item\":\"https:\/\/www.2usa.org\/\"},{\"@type\":\"ListItem\",\"position\":2,\"name\":\"Privacy Policy\"}]},{\"@type\":\"WebSite\",\"@id\":\"https:\/\/www.2usa.org\/#website\",\"url\":\"https:\/\/www.2usa.org\/\",\"name\":\"2USA.org\",\"description\":\"Navigate Your Path to the United States\",\"publisher\":{\"@id\":\"https:\/\/www.2usa.org\/#organization\"},\"potentialAction\":[{\"@type\":\"SearchAction\",\"target\":{\"@type\":\"EntryPoint\",\"urlTemplate\":\"https:\/\/www.2usa.org\/?s={search_term_string}\"},\"query-input\":{\"@type\":\"PropertyValueSpecification\",\"valueRequired\":true,\"valueName\":\"search_term_string\"}}],\"inLanguage\":\"pt-PT\"},{\"@type\":\"Organization\",\"@id\":\"https:\/\/www.2usa.org\/#organization\",\"name\":\"2USA News Inc.\",\"url\":\"https:\/\/www.2usa.org\/\",\"logo\":{\"@type\":\"ImageObject\",\"inLanguage\":\"pt-PT\",\"@id\":\"https:\/\/www.2usa.org\/#\/schema\/logo\/image\/\",\"url\":\"https:\/\/www.2usa.org\/wp-content\/uploads\/2026\/03\/cropped-2usa_logo_transparent.png\",\"contentUrl\":\"https:\/\/www.2usa.org\/wp-content\/uploads\/2026\/03\/cropped-2usa_logo_transparent.png\",\"width\":512,\"height\":512,\"caption\":\"2USA News Inc.\"},\"image\":{\"@id\":\"https:\/\/www.2usa.org\/#\/schema\/logo\/image\/\"},\"description\":\"2USA is a private news and information publication based in Washington, D.C., focused on delivering timely, credible, and accessible coverage of U.S. immigration policy, visa developments, regulatory changes, and critical dates that matter to people planning to move to the United States.\",\"email\":\"hello@2usa.org\",\"legalName\":\"2USA News Inc\",\"foundingDate\":\"2025-05-21\",\"numberOfEmployees\":{\"@type\":\"QuantitativeValue\",\"minValue\":\"1\",\"maxValue\":\"10\"}}]}<\/script>\n<!-- \/ Yoast SEO Premium plugin. -->","yoast_head_json":{"title":"Pol\u00edtica de Privacidade - 2USA.org","robots":{"index":"index","follow":"follow","max-snippet":"max-snippet:-1","max-image-preview":"max-image-preview:large","max-video-preview":"max-video-preview:-1"},"canonical":"https:\/\/www.2usa.org\/pt\/privacy-policy\/","og_locale":"pt_PT","og_type":"article","og_title":"Privacy Policy","og_description":"Privacy Policy Effective Date:\u00a0Apr 1st, 2026Last Updated:\u00a0Apr 1st, 2026 This Privacy Policy describes how&nbsp;2USA&nbsp;(\u201c2USA,\u201d \u201cwe,\u201d \u201cus,\u201d or \u201cour\u201d) collects, uses, discloses, and protects information obtained through the website located at&nbsp;www.2usa.org&nbsp;(the \u201cSite\u201d). By accessing or using the Site, you acknowledge that you have read and understood this Privacy Policy. 1. Scope of This Privacy Policy This ... Ler mais","og_url":"https:\/\/www.2usa.org\/pt\/privacy-policy\/","og_site_name":"2USA.org","article_modified_time":"2026-04-01T07:17:44+00:00","twitter_card":"summary_large_image","twitter_misc":{"Tempo estimado de leitura":"6 minutos"},"schema":{"@context":"https:\/\/schema.org","@graph":[{"@type":"WebPage","@id":"https:\/\/www.2usa.org\/privacy-policy\/","url":"https:\/\/www.2usa.org\/privacy-policy\/","name":"Pol\u00edtica de Privacidade - 2USA.org","isPartOf":{"@id":"https:\/\/www.2usa.org\/#website"},"datePublished":"2023-08-24T20:15:00+00:00","dateModified":"2026-04-01T07:17:44+00:00","breadcrumb":{"@id":"https:\/\/www.2usa.org\/privacy-policy\/#breadcrumb"},"inLanguage":"pt-PT","potentialAction":[{"@type":"ReadAction","target":["https:\/\/www.2usa.org\/privacy-policy\/"]}]},{"@type":"BreadcrumbList","@id":"https:\/\/www.2usa.org\/privacy-policy\/#breadcrumb","itemListElement":[{"@type":"ListItem","position":1,"name":"Home","item":"https:\/\/www.2usa.org\/"},{"@type":"ListItem","position":2,"name":"Privacy Policy"}]},{"@type":"WebSite","@id":"https:\/\/www.2usa.org\/#website","url":"https:\/\/www.2usa.org\/","name":"2USA.org","description":"Trace seu caminho para os Estados Unidos","publisher":{"@id":"https:\/\/www.2usa.org\/#organization"},"potentialAction":[{"@type":"SearchAction","target":{"@type":"EntryPoint","urlTemplate":"https:\/\/www.2usa.org\/?s={search_term_string}"},"query-input":{"@type":"PropertyValueSpecification","valueRequired":true,"valueName":"search_term_string"}}],"inLanguage":"pt-PT"},{"@type":"Organization","@id":"https:\/\/www.2usa.org\/#organization","name":"2USA News Inc.","url":"https:\/\/www.2usa.org\/","logo":{"@type":"ImageObject","inLanguage":"pt-PT","@id":"https:\/\/www.2usa.org\/#\/schema\/logo\/image\/","url":"https:\/\/www.2usa.org\/wp-content\/uploads\/2026\/03\/cropped-2usa_logo_transparent.png","contentUrl":"https:\/\/www.2usa.org\/wp-content\/uploads\/2026\/03\/cropped-2usa_logo_transparent.png","width":512,"height":512,"caption":"2USA News Inc."},"image":{"@id":"https:\/\/www.2usa.org\/#\/schema\/logo\/image\/"},"description":"A 2USA \u00e9 uma publica\u00e7\u00e3o privada de not\u00edcias e informa\u00e7\u00f5es sediada em Washington, DC, focada em fornecer cobertura oportuna, confi\u00e1vel e acess\u00edvel sobre a pol\u00edtica de imigra\u00e7\u00e3o dos EUA, desenvolvimentos de vistos, mudan\u00e7as regulat\u00f3rias e datas importantes para pessoas que planejam se mudar para os Estados Unidos.","email":"hello@2usa.org","legalName":"2USA News Inc","foundingDate":"2025-05-21","numberOfEmployees":{"@type":"QuantitativeValue","minValue":"1","maxValue":"10"}}]}},"_links":{"self":[{"href":"https:\/\/www.2usa.org\/pt\/wp-json\/wp\/v2\/pages\/30249","targetHints":{"allow":["GET"]}}],"collection":[{"href":"https:\/\/www.2usa.org\/pt\/wp-json\/wp\/v2\/pages"}],"about":[{"href":"https:\/\/www.2usa.org\/pt\/wp-json\/wp\/v2\/types\/page"}],"author":[{"embeddable":true,"href":"https:\/\/www.2usa.org\/pt\/wp-json\/wp\/v2\/users\/1"}],"replies":[{"embeddable":true,"href":"https:\/\/www.2usa.org\/pt\/wp-json\/wp\/v2\/comments?post=30249"}],"version-history":[{"count":2,"href":"https:\/\/www.2usa.org\/pt\/wp-json\/wp\/v2\/pages\/30249\/revisions"}],"predecessor-version":[{"id":49721,"href":"https:\/\/www.2usa.org\/pt\/wp-json\/wp\/v2\/pages\/30249\/revisions\/49721"}],"wp:attachment":[{"href":"https:\/\/www.2usa.org\/pt\/wp-json\/wp\/v2\/media?parent=30249"}],"curies":[{"name":"wp","href":"https:\/\/api.w.org\/{rel}","templated":true}]}}