{"id":49665,"date":"2026-03-31T14:45:58","date_gmt":"2026-03-31T14:45:58","guid":{"rendered":"https:\/\/www.2usa.org\/?page_id=49665"},"modified":"2026-04-07T10:19:44","modified_gmt":"2026-04-07T10:19:44","slug":"all-in-one-infochart","status":"publish","type":"page","link":"https:\/\/www.2usa.org\/pl\/all-in-one-infochart\/","title":{"rendered":"Infochart typu \u201ewszystko w jednym\u201d"},"content":{"rendered":"<h2 class=\"wp-block-heading\" id=\"eligibility-chart\">Tabela kwalifikowalno\u015bci<\/h2>\n\n\n\n<p>Poni\u017csza tabela podsumowuje g\u0142\u00f3wne \u015bcie\u017cki imigracyjne i ich podstawowe kryteria. Wizy rodzinne obejmuj\u0105 bliskich krewnych obywateli USA (ma\u0142\u017conk\u00f3w, ma\u0142oletnich dzieci i rodzic\u00f3w) oraz kategorie preferencyjne dla rodzin (starsze dzieci, rodze\u0144stwo). Wizy pracownicze (EB-1 do EB-5) obejmuj\u0105 pracownik\u00f3w priorytetowych, specjalist\u00f3w o wysokim poziomie zaawansowania, pracownik\u00f3w wykwalifikowanych i inwestor\u00f3w. Inne programy obejmuj\u0105 loteri\u0119 wizow\u0105 Diversity Visa (losowy wyb\u00f3r kwalifikuj\u0105cych si\u0119 kraj\u00f3w) oraz wizy humanitarne dla uchod\u017ac\u00f3w\/os\u00f3b ubiegaj\u0105cych si\u0119 o azyl. Ta tabela pomaga nowoprzyby\u0142ym szybko sprawdzi\u0107, do kt\u00f3rej kategorii mog\u0105 si\u0119 kwalifikowa\u0107:<\/p>\n\n\n\n<figure class=\"wp-block-table\"><table class=\"has-fixed-layout\"><thead><tr><th class=\"has-text-align-left\" data-align=\"left\"><strong>\u015acie\u017cka<\/strong><\/th><th class=\"has-text-align-left\" data-align=\"left\"><strong>Kto si\u0119 kwalifikuje<\/strong><\/th><\/tr><\/thead><tbody><tr><td><strong>Rodzina \u2013 Natychmiast<\/strong><\/td><td>Ma\u0142\u017conek, niezam\u0119\u017cne dziecko lub rodzic obywatela USA<\/td><\/tr><tr><td><strong>Rodzina \u2013 Preferencje<\/strong><\/td><td>Doros\u0142e dzieci lub rodze\u0144stwo obywatela USA, b\u0119d\u0105ce w zwi\u0105zku ma\u0142\u017ce\u0144skim\/niezam\u0119\u017cnym; ma\u0142\u017conek\/dziecko rezydenta sta\u0142ego<\/td><\/tr><tr><td><strong>Zatrudnienie (EB-1 do EB-5)<\/strong><\/td><td>Pracownicy o nadzwyczajnych zdolno\u015bciach, wy\u017csze stopnie naukowe, wykwalifikowana si\u0142a robocza, specjalni imigranci i inwestorzy-imigranci<\/td><\/tr><tr><td><strong>R\u00f3\u017cnorodno\u015b\u0107 (Loteria DV)<\/strong><\/td><td>Obywatele uprawnionych kraj\u00f3w posiadaj\u0105cy co najmniej wykszta\u0142cenie \u015brednie lub 2-letnie do\u015bwiadczenie zawodowe (wyb\u00f3r losowy)<\/td><\/tr><tr><td><strong>Humanitarny<\/strong><\/td><td>Uchod\u017acy lub osoby otrzymuj\u0105ce azyl (z powodu prze\u015bladowa\u0144) oraz niekt\u00f3re specjalne wizy (np. dla t\u0142umaczy afga\u0144skich\/irackich)<\/td><\/tr><\/tbody><\/table><\/figure>\n\n\n\n<p><em>Ta tabela w formie schematu blokowego przedstawia ka\u017cdy program w skr\u00f3cie wraz z jego kluczowym kwalifikatorem. (Kody kategorii rodzinnych IR1\/IR2\/IR5 i F1\u2013F4 s\u0105 opisane w wytycznych USCIS\/DOS).<\/em><\/p>\n\n\n\n<h2 class=\"wp-block-heading\" id=\"processing-timeline-chart\">Wykres osi czasu przetwarzania<\/h2>\n\n\n\n<p>Poni\u017csza tabela por\u00f3wnuje typowy czas oczekiwania na uzyskanie zielonej karty w ramach ka\u017cdego programu. Najbli\u017csi krewni (np. ma\u0142\u017conkowie obywateli USA) mog\u0105 zmieni\u0107 status w ci\u0105gu oko\u0142o&nbsp;<strong>8\u201312 miesi\u0119cy<\/strong>&nbsp;je\u015bli z\u0142o\u017cono wniosek w USA (bez kolejki wizowej). Ma\u0142\u017conek ubiegaj\u0105cy si\u0119 o wiz\u0119 w ramach procedury konsularnej (wiza CR-1) zazwyczaj wymaga&nbsp;<strong>14\u201335 miesi\u0119cy<\/strong>. Petycje EB\u20111 (pracownicy priorytetowi) s\u0105 rozpatrywane w ci\u0105gu ok. 8\u201312 miesi\u0119cy (dost\u0119pna jest 15-dniowa premia); ca\u0142kowity czas zatwierdzenia mo\u017ce wynie\u015b\u0107 ok. 1\u20132 lata, je\u015bli wizy s\u0105 aktualne. EB\u20112\/EB\u20113 (zaawansowane\/wykwalifikowane) wymagaj\u0105 pracy PERM (1\u20132 lata) plus I-140 (8\u201312 miesi\u0119cy) i oczekiwania na wiz\u0119, wi\u0119c zazwyczaj&nbsp;<strong>2\u20135 lat<\/strong>&nbsp;\u0142\u0105cznie. EB\u20115 (inwestorzy) patrz&nbsp;<strong>~2\u20134 lata<\/strong>&nbsp;(oko\u0142o 8\u201312 miesi\u0119cy na wniosek I-526 plus procesowanie wizy, cz\u0119sto d\u0142u\u017cej, je\u015bli wyst\u0119puj\u0105 zaleg\u0142o\u015bci wizowe). Zwyci\u0119zcy programu Diversity Visa zazwyczaj otrzymuj\u0105 wiz\u0119 w ci\u0105gu&nbsp;<strong>1\u20132 lata<\/strong>&nbsp;O wygranej. Uchod\u017acy sp\u0119dzaj\u0105 oko\u0142o 1\u20132 lat na procesie ubiegania si\u0119 o status i mog\u0105 ubiega\u0107 si\u0119 o zielon\u0105 kart\u0119 po roku w USA (\u0142\u0105cznie oko\u0142o 2\u20133 lata). Poni\u017cej znajduje si\u0119 kr\u00f3tkie podsumowanie:<\/p>\n\n\n\n<figure class=\"wp-block-table\"><table class=\"has-fixed-layout\"><thead><tr><th class=\"has-text-align-left\" data-align=\"left\"><strong>Rodzaj wizy<\/strong><\/th><th class=\"has-text-align-left\" data-align=\"left\"><strong>Przybli\u017cony czas uzyskania Zielonej Karty<\/strong><\/th><\/tr><\/thead><tbody><tr><td>Krewny bezpo\u015bredni (ma\u0142\u017conek w USA)<\/td><td>~8\u201312 miesi\u0119cy (AOS)<\/td><\/tr><tr><td>Ma\u0142\u017conek (za granic\u0105, CR-1)<\/td><td>~14\u201335 miesi\u0119cy<\/td><\/tr><tr><td>Dzieci\/Rodzice USC<\/td><td>~12\u201315 miesi\u0119cy (podobnie jak ma\u0142\u017conek)<\/td><\/tr><tr><td>Preferencje rodzinne (F1\u2013F4)<\/td><td>Lata (kolejki wizowe; F2A najkr\u00f3tsza, inne cz\u0119sto trwaj\u0105 3\u201310+ lat)<\/td><\/tr><tr><td>EB-1 (nadzwyczajny\/wykonawczy)<\/td><td>~1\u20132 lata (15 dni premium dla I-140)<\/td><\/tr><tr><td>EB-2\/EB-3 (zaawansowany\/wykwalifikowany)<\/td><td>~2\u20135 lat (wliczaj\u0105c PERM + oczekiwanie na wiz\u0119)<\/td><\/tr><tr><td>EB-4 (specjalni imigranci)<\/td><td>R\u00f3\u017cnie (niekt\u00f3re kategorie wstrzymane\/wolne)<\/td><\/tr><tr><td>EB-5 (inwestorzy)<\/td><td>~2\u20134 lata (I-526 ~8 mies.; wiza cz\u0119sto 1\u20133 lata)<\/td><\/tr><tr><td>Wiza r\u00f3\u017cnorodno\u015bci (loteria)<\/td><td>~1\u20132 lata (przetwarzanie po selekcji)<\/td><\/tr><tr><td>Uchod\u017aca<\/td><td>~18\u201324 miesi\u0119cy do uzyskania statusu uchod\u017acy + 1 rok do uzyskania statusu GC<\/td><\/tr><tr><td>Azyl<\/td><td>Z\u0142\u00f3\u017c wniosek po 1 roku w USA, GC ~1\u20132 lata d\u0142u\u017cej<\/td><\/tr><\/tbody><\/table><\/figure>\n\n\n\n<p><em>Dla por\u00f3wnania, ma\u0142\u017conek obywatela USA, kt\u00f3ry z\u0142o\u017cy\u0142 wniosek o wiz\u0119 w USA, wed\u0142ug najnowszych danych czeka\u0142 oko\u0142o 8,2 miesi\u0105ca, podczas gdy w przypadku kategorii z zaleg\u0142o\u015bciami wizowymi (np. EB-2 dla Indii\/Chin) czas oczekiwania jest znacznie d\u0142u\u017cszy. Powy\u017cszy wykres przedstawia agregacj\u0119 kluczowych krok\u00f3w (wniosek, dost\u0119pno\u015b\u0107 wizy, korekta) dla ka\u017cdej \u015bcie\u017cki.<\/em><\/p>\n\n\n\n<h2 class=\"wp-block-heading\" id=\"cost-comparison-chart\">Tabela por\u00f3wnawcza koszt\u00f3w<\/h2>\n\n\n\n<p>Koszty imigracji r\u00f3\u017cni\u0105 si\u0119 znacznie w zale\u017cno\u015bci od programu. Poni\u017csza tabela przedstawia przybli\u017cone ca\u0142kowite wydatki (op\u0142aty, dokumenty, koszty leczenia i koszty prawne).\u00a0<strong>zielona karta na podstawie ma\u0142\u017ce\u0144stwa\/innej rodziny<\/strong>\u00a0zwykle kosztuje oko\u0142o\u00a0<strong>$4000\u2013$6000<\/strong>\u00a0(petycja USCIS + op\u0142aty za dostosowanie, badanie lekarskie, itp.).\u00a0<strong>Wizy oparte na zatrudnieniu (EB\u20111\/2\/3)<\/strong>\u00a0zwykle wi\u0105\u017c\u0105 si\u0119 z kosztami w wysoko\u015bci $15 000\u2013$35 000 (wliczaj\u0105c koszty PERM i honoraria adwokackie).\u00a0<strong>Inwestor EB\u20115<\/strong>\u00a0Koszt trasy jest znacznie wy\u017cszy: wymagana inwestycja kapita\u0142owa w wysoko\u015bci $800 000\u2013$1 050 000 plus op\u0142aty za centrum regionalne i us\u0142ugi prawne (\u0142\u0105cznie \u2248$890 000\u2013$950 000). Wnioskodawcy o wiz\u0119 Diversity p\u0142ac\u0105 jedynie standardowe op\u0142aty wizowe ($355) i op\u0142aty I-485 ($1225) plus koszty podr\u00f3\u017cy \u2013 oko\u0142o\u00a0<strong>$1000\u2013$1500<\/strong>\u00a0Razem. Uchod\u017acy\/osoby ubiegaj\u0105ce si\u0119 o azyl p\u0142ac\u0105 praktycznie\u00a0<strong>brak op\u0142at za z\u0142o\u017cenie wniosku do USCIS<\/strong>\u00a0(zwolnione) i zazwyczaj jedynie niewielkie koszty leczenia. Podsumowanie:<\/p>\n\n\n\n<figure class=\"wp-block-table\"><table class=\"has-fixed-layout\"><thead><tr><th class=\"has-text-align-left\" data-align=\"left\"><strong>\u015acie\u017cka wizowa<\/strong><\/th><th class=\"has-text-align-left\" data-align=\"left\"><strong>Przybli\u017cony koszt (USD)<\/strong><\/th><\/tr><\/thead><tbody><tr><td>Oparte na rodzinie (np. ma\u0142\u017conek)<\/td><td>~$5,000 (formularze, op\u0142aty medyczne, dokumenty)<\/td><\/tr><tr><td>Zatrudnienie (EB-1\/2\/3)<\/td><td>$15 000\u2013$35 000 (za\u015bwiadczenie o pracy, petycje, prawnicy)<\/td><\/tr><tr><td>Inwestor EB-5<\/td><td>~$890 000\u2013$950 000 (inwestycja + op\u0142aty)<\/td><\/tr><tr><td>Wiza r\u00f3\u017cnorodno\u015bci (loteria)<\/td><td>~$1,000 (wiza + korekta)<\/td><\/tr><tr><td>Uchod\u017aca\/Azylant<\/td><td>$0\u2013$500 (w wi\u0119kszo\u015bci obj\u0119te gwarancj\u0105 rz\u0105dow\u0105)<\/td><\/tr><\/tbody><\/table><\/figure>\n\n\n\n<p><em>Koszty zatrudnienia prawnik\u00f3w i uiszczenia op\u0142at za formularz I-485\/EAD s\u0105 wliczone w te kwoty. Na przyk\u0142ad, jedna z analiz wskazuje,&nbsp;<strong>prosty przypadek rodzinny to oko\u0142o $5K<\/strong>, podczas gdy sprawa EB-5 mo\u017ce si\u0119 zbli\u017cy\u0107&nbsp;<strong>$950K<\/strong>&nbsp;W tym wszystkie koszty. Najta\u0144sze s\u0105 wizy DV (tylko standardowe op\u0142aty manipulacyjne).<\/em><\/p>\n\n\n\n<h2 class=\"wp-block-heading\" id=\"difficultyapproval-chart\">Tabela trudno\u015bci\/zatwierdzenia<\/h2>\n\n\n\n<p>Prawdopodobie\u0144stwo zatwierdzenia r\u00f3\u017cni si\u0119 w zale\u017cno\u015bci od kategorii. Bliscy krewni (ma\u0142\u017conkowie\/dzieci\/rodzice z USC) maj\u0105&nbsp;<strong>bardzo wysoki sukces<\/strong>&nbsp;(odmowy krajowe \u22485\u201310%). Wnioski dotycz\u0105ce zatrudnienia sk\u0142adane w USA, patrz r\u00f3wnie\u017c&nbsp;<strong>~Zatwierdzenie 90%<\/strong>&nbsp;(oko\u0142o 9\u2013101 odmowy TP3T). Jednak niekt\u00f3re podkategorie s\u0105 bardziej selektywne: na przyk\u0142ad liczba zwolnie\u0144 z tytu\u0142u interesu narodowego w ramach programu EB-2 spad\u0142a ostatnio do oko\u0142o 40\u2013601 akceptacji TP3T, co odzwierciedla bardziej rygorystyczn\u0105 kontrol\u0119. Szanse na wygran\u0105 w loterii Diversity Lottery wynosz\u0105&nbsp;<strong>bardzo niski<\/strong>&nbsp;- mniej wi\u0119cej&nbsp;<strong>1\u20132%<\/strong>&nbsp;Szansa na wyb\u00f3r. Wnioski inwestor\u00f3w EB-5 zazwyczaj ko\u0144cz\u0105 si\u0119 sukcesem, je\u015bli spe\u0142nione s\u0105 kryteria (odmowy zdarzaj\u0105 si\u0119 rzadko, je\u015bli inwestycja i projekt spe\u0142niaj\u0105 wymagania). Rezultaty dotycz\u0105ce uchod\u017ac\u00f3w\/azylu zale\u017c\u0105 od indywidualnych przypadk\u00f3w; historycznie oko\u0142o 30\u2013401 TP3T wniosk\u00f3w o azyl jest ostatecznie rozpatrywanych pozytywnie, podczas gdy wi\u0119kszo\u015b\u0107 uchod\u017ac\u00f3w zg\u0142oszonych przez ONZ jest przyjmowana w ramach kwot. Og\u00f3lnie:<\/p>\n\n\n\n<figure class=\"wp-block-table\"><table class=\"has-fixed-layout\"><thead><tr><th class=\"has-text-align-left\" data-align=\"left\"><strong>\u015acie\u017cka wizowa<\/strong><\/th><th class=\"has-text-align-left\" data-align=\"left\"><strong>Typowa akceptacja\/szanse<\/strong><\/th><\/tr><\/thead><tbody><tr><td>Najbli\u017csza rodzina (IR1\/IR2\/IR5)<\/td><td>~90\u201395% homologacja (krajowa)<\/td><\/tr><tr><td>Preferencje rodzinne (F1\u2013F4)<\/td><td>Podobny sukces, ale wymagaj\u0105cy d\u0142ugiego oczekiwania<\/td><\/tr><tr><td>Zatrudnienie (EB-1\/2\/3)**<\/td><td>~90% (zg\u0142oszenia krajowe) (zatwierdzenie konsularne ~39%)<\/td><\/tr><tr><td>EB-2 NIW<\/td><td>Ni\u017cszy (~40\u201360%)<\/td><\/tr><tr><td>Inwestor EB-5<\/td><td>Wysoki (zatwierdzono wi\u0119kszo\u015b\u0107 kwalifikowanych inwestor\u00f3w)<\/td><\/tr><tr><td>R\u00f3\u017cnorodno\u015b\u0107 (Loteria DV)<\/td><td>~1\u201321Wyb\u00f3r TP3T<\/td><\/tr><tr><td>Uchod\u017aca<\/td><td>Bardzo wysokie, je\u015bli skierowane do ONZ w ramach kwot<\/td><\/tr><tr><td>Azyl<\/td><td>~30\u201350% (r\u00f3\u017cni si\u0119 w zale\u017cno\u015bci od roku i regionu)<\/td><\/tr><\/tbody><\/table><\/figure>\n\n\n\n<p><em>Podsumowuj\u0105c, prawid\u0142owo z\u0142o\u017cone zielone karty rodzinne lub pracownicze maj\u0105&nbsp;<strong>wysokie wska\u017aniki akceptacji<\/strong>. Wiza Diversity to najtrudniejsza loteria (szansa \u226a5%). Inwestorzy EB-5 musz\u0105 spe\u0142ni\u0107 rygorystyczne wymagania, ale zazwyczaj otrzymuj\u0105 wizy po spe\u0142nieniu warunk\u00f3w projektu. (Przetwarzanie konsularne wi\u0105\u017ce si\u0119 z wy\u017cszym wska\u017anikiem odm\u00f3w ni\u017c krajowe AOS, dlatego wielu wnioskodawc\u00f3w woli z\u0142o\u017cy\u0107 wniosek o korekt\u0119 w USA, je\u015bli to mo\u017cliwe).<\/em><\/p>\n\n\n\n<p><strong>\u0179r\u00f3d\u0142a:<\/strong>&nbsp;Wykorzystano oficjalne dane rz\u0105du USA i wiarygodne \u017ar\u00f3d\u0142a informacji imigracyjnych. Kategorie rodzinne i zawodowe s\u0105 zgodne z wytycznymi USCIS\/DOS. Czas przetwarzania i op\u0142aty oparte s\u0105 na szacunkach USCIS i analizach kancelarii prawnych. Statystyki dotycz\u0105ce zatwierdze\u0144 pochodz\u0105 z najnowszych raport\u00f3w USCIS\/Kongresu.<\/p>","protected":false},"excerpt":{"rendered":"<p>Tabela kwalifikowalno\u015bci. Poni\u017csza tabela podsumowuje g\u0142\u00f3wne \u015bcie\u017cki imigracyjne i ich podstawowe kryteria. Wizy rodzinne obejmuj\u0105 bliskich krewnych obywateli USA (ma\u0142\u017conk\u00f3w, ma\u0142oletnich dzieci i rodzic\u00f3w) oraz kategorie preferencyjne dla rodzin (starsze dzieci, rodze\u0144stwo). Wizy pracownicze (EB-1 do EB-5) obejmuj\u0105 pracownik\u00f3w priorytetowych, specjalist\u00f3w o wysokim poziomie zaawansowania, pracownik\u00f3w wykwalifikowanych i inwestor\u00f3w. Inne programy obejmuj\u0105 loteri\u0119 wizow\u0105 Diversity Visa (losowy wyb\u00f3r\u2026 <a title=\"Infochart typu \u201ewszystko w jednym\u201d\" class=\"read-more\" href=\"https:\/\/www.2usa.org\/pl\/all-in-one-infochart\/\" aria-label=\"Dowiedz si\u0119 wi\u0119cej o Infochart typu \u201ewszystko w jednym\u201d.\">Czytaj dalej<\/a><\/p>","protected":false},"author":1,"featured_media":0,"parent":0,"menu_order":0,"comment_status":"closed","ping_status":"closed","template":"","meta":{"footnotes":""},"class_list":{"0":"post-49665","1":"page","2":"type-page","3":"status-publish","5":"no-featured-image-padding"},"yoast_head":"<!-- This site is optimized with the Yoast SEO Premium plugin v27.1 (Yoast SEO v27.1.1) - https:\/\/yoast.com\/product\/yoast-seo-premium-wordpress\/ -->\n<title>All-in-one infochart - 2USA.org<\/title>\n<meta name=\"description\" content=\"The charts summarize major immigration pathways and their basic criteria.\" \/>\n<meta name=\"robots\" content=\"index, follow, max-snippet:-1, max-image-preview:large, max-video-preview:-1\" \/>\n<link rel=\"canonical\" href=\"https:\/\/www.2usa.org\/pl\/all-in-one-infochart\/\" \/>\n<meta property=\"og:locale\" content=\"pl_PL\" \/>\n<meta property=\"og:type\" content=\"article\" \/>\n<meta property=\"og:title\" content=\"All-in-one infochart\" \/>\n<meta property=\"og:description\" content=\"The charts summarize major immigration pathways and their basic criteria.\" \/>\n<meta property=\"og:url\" content=\"https:\/\/www.2usa.org\/pl\/all-in-one-infochart\/\" \/>\n<meta property=\"og:site_name\" content=\"2USA.org\" \/>\n<meta property=\"article:modified_time\" content=\"2026-04-07T10:19:44+00:00\" \/>\n<meta name=\"twitter:card\" content=\"summary_large_image\" \/>\n<meta name=\"twitter:label1\" content=\"Szacowany czas czytania\" \/>\n\t<meta name=\"twitter:data1\" content=\"5 minut\" \/>\n<script type=\"application\/ld+json\" class=\"yoast-schema-graph\">{\"@context\":\"https:\/\/schema.org\",\"@graph\":[{\"@type\":\"WebPage\",\"@id\":\"https:\/\/www.2usa.org\/all-in-one-infochart\/\",\"url\":\"https:\/\/www.2usa.org\/all-in-one-infochart\/\",\"name\":\"All-in-one infochart - 2USA.org\",\"isPartOf\":{\"@id\":\"https:\/\/www.2usa.org\/#website\"},\"datePublished\":\"2026-03-31T14:45:58+00:00\",\"dateModified\":\"2026-04-07T10:19:44+00:00\",\"description\":\"The charts summarize major immigration pathways and their basic criteria.\",\"breadcrumb\":{\"@id\":\"https:\/\/www.2usa.org\/all-in-one-infochart\/#breadcrumb\"},\"inLanguage\":\"pl-PL\",\"potentialAction\":[{\"@type\":\"ReadAction\",\"target\":[\"https:\/\/www.2usa.org\/all-in-one-infochart\/\"]}]},{\"@type\":\"BreadcrumbList\",\"@id\":\"https:\/\/www.2usa.org\/all-in-one-infochart\/#breadcrumb\",\"itemListElement\":[{\"@type\":\"ListItem\",\"position\":1,\"name\":\"Home\",\"item\":\"https:\/\/www.2usa.org\/\"},{\"@type\":\"ListItem\",\"position\":2,\"name\":\"All-in-one infochart\"}]},{\"@type\":\"WebSite\",\"@id\":\"https:\/\/www.2usa.org\/#website\",\"url\":\"https:\/\/www.2usa.org\/\",\"name\":\"2USA.org\",\"description\":\"Navigate Your Path to the United States\",\"publisher\":{\"@id\":\"https:\/\/www.2usa.org\/#organization\"},\"potentialAction\":[{\"@type\":\"SearchAction\",\"target\":{\"@type\":\"EntryPoint\",\"urlTemplate\":\"https:\/\/www.2usa.org\/?s={search_term_string}\"},\"query-input\":{\"@type\":\"PropertyValueSpecification\",\"valueRequired\":true,\"valueName\":\"search_term_string\"}}],\"inLanguage\":\"pl-PL\"},{\"@type\":\"Organization\",\"@id\":\"https:\/\/www.2usa.org\/#organization\",\"name\":\"2USA News Inc.\",\"url\":\"https:\/\/www.2usa.org\/\",\"logo\":{\"@type\":\"ImageObject\",\"inLanguage\":\"pl-PL\",\"@id\":\"https:\/\/www.2usa.org\/#\/schema\/logo\/image\/\",\"url\":\"https:\/\/www.2usa.org\/wp-content\/uploads\/2026\/03\/cropped-2usa_logo_transparent.png\",\"contentUrl\":\"https:\/\/www.2usa.org\/wp-content\/uploads\/2026\/03\/cropped-2usa_logo_transparent.png\",\"width\":512,\"height\":512,\"caption\":\"2USA News Inc.\"},\"image\":{\"@id\":\"https:\/\/www.2usa.org\/#\/schema\/logo\/image\/\"},\"description\":\"2USA is a private news and information publication based in Washington, D.C., focused on delivering timely, credible, and accessible coverage of U.S. immigration policy, visa developments, regulatory changes, and critical dates that matter to people planning to move to the United States.\",\"email\":\"hello@2usa.org\",\"legalName\":\"2USA News Inc\",\"foundingDate\":\"2025-05-21\",\"numberOfEmployees\":{\"@type\":\"QuantitativeValue\",\"minValue\":\"1\",\"maxValue\":\"10\"}}]}<\/script>\n<!-- \/ Yoast SEO Premium plugin. -->","yoast_head_json":{"title":"Kompleksowa infografika \u2013 2USA.org","description":"Wykresy przedstawiaj\u0105 podsumowanie g\u0142\u00f3wnych \u015bcie\u017cek imigracyjnych i ich podstawowych kryteri\u00f3w.","robots":{"index":"index","follow":"follow","max-snippet":"max-snippet:-1","max-image-preview":"max-image-preview:large","max-video-preview":"max-video-preview:-1"},"canonical":"https:\/\/www.2usa.org\/pl\/all-in-one-infochart\/","og_locale":"pl_PL","og_type":"article","og_title":"All-in-one infochart","og_description":"The charts summarize major immigration pathways and their basic criteria.","og_url":"https:\/\/www.2usa.org\/pl\/all-in-one-infochart\/","og_site_name":"2USA.org","article_modified_time":"2026-04-07T10:19:44+00:00","twitter_card":"summary_large_image","twitter_misc":{"Szacowany czas czytania":"5 minut"},"schema":{"@context":"https:\/\/schema.org","@graph":[{"@type":"WebPage","@id":"https:\/\/www.2usa.org\/all-in-one-infochart\/","url":"https:\/\/www.2usa.org\/all-in-one-infochart\/","name":"Kompleksowa infografika \u2013 2USA.org","isPartOf":{"@id":"https:\/\/www.2usa.org\/#website"},"datePublished":"2026-03-31T14:45:58+00:00","dateModified":"2026-04-07T10:19:44+00:00","description":"Wykresy przedstawiaj\u0105 podsumowanie g\u0142\u00f3wnych \u015bcie\u017cek imigracyjnych i ich podstawowych kryteri\u00f3w.","breadcrumb":{"@id":"https:\/\/www.2usa.org\/all-in-one-infochart\/#breadcrumb"},"inLanguage":"pl-PL","potentialAction":[{"@type":"ReadAction","target":["https:\/\/www.2usa.org\/all-in-one-infochart\/"]}]},{"@type":"BreadcrumbList","@id":"https:\/\/www.2usa.org\/all-in-one-infochart\/#breadcrumb","itemListElement":[{"@type":"ListItem","position":1,"name":"Home","item":"https:\/\/www.2usa.org\/"},{"@type":"ListItem","position":2,"name":"All-in-one infochart"}]},{"@type":"WebSite","@id":"https:\/\/www.2usa.org\/#website","url":"https:\/\/www.2usa.org\/","name":"2USA.org","description":"Wybierz swoj\u0105 drog\u0119 do Stan\u00f3w Zjednoczonych","publisher":{"@id":"https:\/\/www.2usa.org\/#organization"},"potentialAction":[{"@type":"SearchAction","target":{"@type":"EntryPoint","urlTemplate":"https:\/\/www.2usa.org\/?s={search_term_string}"},"query-input":{"@type":"PropertyValueSpecification","valueRequired":true,"valueName":"search_term_string"}}],"inLanguage":"pl-PL"},{"@type":"Organization","@id":"https:\/\/www.2usa.org\/#organization","name":"2USA News Inc.","url":"https:\/\/www.2usa.org\/","logo":{"@type":"ImageObject","inLanguage":"pl-PL","@id":"https:\/\/www.2usa.org\/#\/schema\/logo\/image\/","url":"https:\/\/www.2usa.org\/wp-content\/uploads\/2026\/03\/cropped-2usa_logo_transparent.png","contentUrl":"https:\/\/www.2usa.org\/wp-content\/uploads\/2026\/03\/cropped-2usa_logo_transparent.png","width":512,"height":512,"caption":"2USA News Inc."},"image":{"@id":"https:\/\/www.2usa.org\/#\/schema\/logo\/image\/"},"description":"2USA to prywatna publikacja informacyjna z siedzib\u0105 w Waszyngtonie, kt\u00f3rej celem jest dostarczanie aktualnych, wiarygodnych i przyst\u0119pnych informacji na temat polityki imigracyjnej Stan\u00f3w Zjednoczonych, zmian w przepisach wizowych, zmian regulacyjnych oraz wa\u017cnych dat, kt\u00f3re maj\u0105 znaczenie dla os\u00f3b planuj\u0105cych przeprowadzk\u0119 do Stan\u00f3w Zjednoczonych.","email":"hello@2usa.org","legalName":"2USA News Inc","foundingDate":"2025-05-21","numberOfEmployees":{"@type":"QuantitativeValue","minValue":"1","maxValue":"10"}}]}},"_links":{"self":[{"href":"https:\/\/www.2usa.org\/pl\/wp-json\/wp\/v2\/pages\/49665","targetHints":{"allow":["GET"]}}],"collection":[{"href":"https:\/\/www.2usa.org\/pl\/wp-json\/wp\/v2\/pages"}],"about":[{"href":"https:\/\/www.2usa.org\/pl\/wp-json\/wp\/v2\/types\/page"}],"author":[{"embeddable":true,"href":"https:\/\/www.2usa.org\/pl\/wp-json\/wp\/v2\/users\/1"}],"replies":[{"embeddable":true,"href":"https:\/\/www.2usa.org\/pl\/wp-json\/wp\/v2\/comments?post=49665"}],"version-history":[{"count":3,"href":"https:\/\/www.2usa.org\/pl\/wp-json\/wp\/v2\/pages\/49665\/revisions"}],"predecessor-version":[{"id":49851,"href":"https:\/\/www.2usa.org\/pl\/wp-json\/wp\/v2\/pages\/49665\/revisions\/49851"}],"wp:attachment":[{"href":"https:\/\/www.2usa.org\/pl\/wp-json\/wp\/v2\/media?parent=49665"}],"curies":[{"name":"wp","href":"https:\/\/api.w.org\/{rel}","templated":true}]}}