{"id":30249,"date":"2023-08-24T20:15:00","date_gmt":"2023-08-24T20:15:00","guid":{"rendered":"https:\/\/sites.generatepress.com\/nomad\/?page_id=30249"},"modified":"2026-04-01T07:17:44","modified_gmt":"2026-04-01T07:17:44","slug":"privacy-policy","status":"publish","type":"page","link":"https:\/\/www.2usa.org\/pl\/privacy-policy\/","title":{"rendered":"Polityka prywatno\u015bci"},"content":{"rendered":"<div class=\"gbp-section\">\n<div class=\"gbp-section__inner\">\n<h1 class=\"wp-block-heading\">Polityka prywatno\u015bci<\/h1>\n\n\n\n<p><strong>Data wej\u015bcia w \u017cycie:<\/strong>\u00a01 kwietnia 2026 r.<br><strong>Ostatnia aktualizacja:<\/strong>\u00a01 kwietnia 2026 r.<\/p>\n\n\n\n<p>Niniejsza Polityka Prywatno\u015bci opisuje, w jaki spos\u00f3b&nbsp;<strong>2USA<\/strong>&nbsp;(\u201c<strong>2USA<\/strong>,\u201d \u201c<strong>My<\/strong>,\u201d \u201c<strong>nas<\/strong>,&quot; Lub &quot;\u201d<strong>nasz<\/strong>\u201d) gromadzi, wykorzystuje, ujawnia i chroni informacje uzyskane za po\u015brednictwem witryny internetowej znajduj\u0105cej si\u0119 pod adresem&nbsp;<strong><a href=\"http:\/\/www.2usa.org\/pl\/\" rel=\"noreferrer noopener\" target=\"_blank\">www.2usa.org<\/a><\/strong>&nbsp;(ten \u201c<strong>Strona<\/strong>\u201d).<\/p>\n\n\n\n<p>Uzyskuj\u0105c dost\u0119p do Witryny lub korzystaj\u0105c z niej, potwierdzasz, \u017ce przeczyta\u0142e\u015b i zrozumia\u0142e\u015b niniejsz\u0105 Polityk\u0119 Prywatno\u015bci.<\/p>\n\n\n\n<h2 class=\"wp-block-heading\">1. Zakres niniejszej Polityki Prywatno\u015bci<\/h2>\n\n\n\n<p>Niniejsza Polityka Prywatno\u015bci dotyczy wy\u0142\u0105cznie informacji gromadzonych za po\u015brednictwem Witryny. Wyja\u015bnia ona, jakie informacje mog\u0105 by\u0107 gromadzone automatycznie, gdy u\u017cytkownicy odwiedzaj\u0105 Witryn\u0119, w jaki spos\u00f3b s\u0105 one wykorzystywane oraz jakie prawa i mo\u017cliwo\u015bci wyboru przys\u0142uguj\u0105 odwiedzaj\u0105cym.<\/p>\n\n\n\n<p>2USA to serwis informacyjny i informacyjny. Nie wymagamy od u\u017cytkownik\u00f3w zak\u0142adania kont i nie gromadzimy celowo danych osobowych podczas normalnego korzystania z Serwisu, z wyj\u0105tkiem ograniczonych danych gromadzonych automatycznie.&nbsp;<strong>Google Analytics<\/strong>&nbsp;do analizy ruchu w witrynie i pomiaru wydajno\u015bci.<\/p>\n\n\n\n<h2 class=\"wp-block-heading\">2. Informacje, kt\u00f3re zbieramy<\/h2>\n\n\n\n<h3 class=\"wp-block-heading\">2.1 Informacje zbierane automatycznie<\/h3>\n\n\n\n<p>Podczas uzyskiwania dost\u0119pu do Witryny lub przegl\u0105dania jej, pewne informacje mog\u0105 by\u0107 automatycznie gromadzone za po\u015brednictwem technologii analitycznych, w tym Google Analytics. Informacje te mog\u0105 obejmowa\u0107, mi\u0119dzy innymi:<\/p>\n\n\n\n<ul class=\"wp-block-list\">\n<li>Adres protoko\u0142u internetowego (IP)<\/li>\n\n\n\n<li>Typ i wersja przegl\u0105darki<\/li>\n\n\n\n<li>Typ urz\u0105dzenia<\/li>\n\n\n\n<li>System operacyjny<\/li>\n\n\n\n<li>Przybli\u017cona lokalizacja geograficzna<\/li>\n\n\n\n<li>Odsy\u0142aj\u0105ca strona internetowa lub \u017ar\u00f3d\u0142o<\/li>\n\n\n\n<li>Wy\u015bwietlone strony<\/li>\n\n\n\n<li>Czas sp\u0119dzony na stronach<\/li>\n\n\n\n<li>\u015acie\u017cki nawigacji i og\u00f3lne zachowanie u\u017cytkownika<\/li>\n\n\n\n<li>Data i godzina dost\u0119pu<\/li>\n<\/ul>\n\n\n\n<p>Tego typu informacje s\u0105 zazwyczaj gromadzone w formie zagregowanej lub pseudonimizowanej i wykorzystywane w celach statystycznych, analitycznych oraz w celu udoskonalenia witryny.<\/p>\n\n\n\n<h3 class=\"wp-block-heading\">2.2 Dane osobowe<\/h3>\n\n\n\n<p>My tak robimy&nbsp;<strong>nie<\/strong>&nbsp;celowo gromadzi\u0107 dane osobowe, takie jak:<\/p>\n\n\n\n<ul class=\"wp-block-list\">\n<li>Pe\u0142ne imi\u0119 i nazwisko<\/li>\n\n\n\n<li>Adres domowy lub adres korespondencyjny<\/li>\n\n\n\n<li>Numer telefonu<\/li>\n\n\n\n<li>Informacje o p\u0142atno\u015bciach<\/li>\n\n\n\n<li>Informacje identyfikacyjne rz\u0105du<\/li>\n<\/ul>\n\n\n\n<p>chyba \u017ce informacje te zostan\u0105 przez Ciebie dobrowolnie przekazane za po\u015brednictwem odr\u0119bnego kana\u0142u komunikacji, np. korespondencji e-mail zainicjowanej przez Ciebie.<\/p>\n\n\n\n<h2 class=\"wp-block-heading\">3. Wykorzystanie informacji<\/h2>\n\n\n\n<p>Informacje zebrane za po\u015brednictwem Witryny mo\u017cemy wykorzystywa\u0107 w uzasadnionych celach biznesowych i operacyjnych, w tym:<\/p>\n\n\n\n<ul class=\"wp-block-list\">\n<li>Monitoruj i analizuj ruch na stronie internetowej oraz trendy u\u017cytkowania<\/li>\n\n\n\n<li>Zrozum, w jaki spos\u00f3b odwiedzaj\u0105cy wchodz\u0105 w interakcj\u0119 ze stron\u0105<\/li>\n\n\n\n<li>Poprawa zawarto\u015bci, wydajno\u015bci, funkcjonalno\u015bci i u\u017cyteczno\u015bci witryny<\/li>\n\n\n\n<li>Utrzymywanie bezpiecze\u0144stwa i integralno\u015bci witryny<\/li>\n\n\n\n<li>Diagnozuj problemy techniczne<\/li>\n\n\n\n<li>Oce\u0144 skuteczno\u015b\u0107 i zasi\u0119g publikowanych tre\u015bci<\/li>\n<\/ul>\n\n\n\n<p>Nie u\u017cywamy danych analitycznych witryny internetowej do bezpo\u015bredniej identyfikacji poszczeg\u00f3lnych u\u017cytkownik\u00f3w w celach marketingowych lub profilowania.<\/p>\n\n\n\n<h2 class=\"wp-block-heading\">4. Google Analytics<\/h2>\n\n\n\n<p>Witryna korzysta&nbsp;<strong>Google Analytics<\/strong>, us\u0142uga analityki internetowej \u015bwiadczona przez Google, s\u0142u\u017c\u0105ca do gromadzenia i przetwarzania okre\u015blonych danych dotycz\u0105cych u\u017cytkowania. Google Analytics mo\u017ce u\u017cywa\u0107 plik\u00f3w cookie, pikseli lub podobnych technologii do gromadzenia informacji o korzystaniu z Witryny i generowania raport\u00f3w dotycz\u0105cych aktywno\u015bci na stronie.<\/p>\n\n\n\n<p>Informacje gromadzone przez Google Analytics mog\u0105 obejmowa\u0107 dane techniczne i zwi\u0105zane z u\u017cytkowaniem, takie jak adres IP, typ przegl\u0105darki, informacje o urz\u0105dzeniu i interakcje ze stron\u0105 internetow\u0105. Informacje te s\u0105 przetwarzane zgodnie z w\u0142asnymi zasadami ochrony prywatno\u015bci Google.<\/p>\n\n\n\n<p>Aby uzyska\u0107 wi\u0119cej informacji na temat gromadzenia i przetwarzania danych przez Google, zapoznaj si\u0119 z Polityk\u0105 prywatno\u015bci Google dost\u0119pn\u0105 pod adresem:<\/p>\n\n\n\n<p><a href=\"https:\/\/policies.google.com\/privacy\">https:\/\/policies.google.com\/privacy<\/a><\/p>\n\n\n\n<p>U\u017cytkownicy mog\u0105 zrezygnowa\u0107 z us\u0142ugi Google Analytics, instaluj\u0105c dodatek do przegl\u0105darki blokuj\u0105cy us\u0142ug\u0119 Google Analytics, dost\u0119pny pod adresem:<\/p>\n\n\n\n<p><a href=\"https:\/\/tools.google.com\/dlpage\/gaoptout\">https:\/\/tools.google.com\/dlpage\/gaoptout<\/a><\/p>\n\n\n\n<h2 class=\"wp-block-heading\">5. Pliki cookie i podobne technologie<\/h2>\n\n\n\n<p>Witryna mo\u017ce u\u017cywa\u0107 plik\u00f3w cookie i podobnych technologii \u015bledzenia w powi\u0105zaniu z Google Analytics. Pliki cookie to ma\u0142e pliki tekstowe umieszczane na urz\u0105dzeniu u\u017cytkownika w celu usprawnienia dzia\u0142ania witryn internetowych i dostarczania informacji analitycznych.<\/p>\n\n\n\n<p>Technologie te mog\u0105 by\u0107 wykorzystywane do:<\/p>\n\n\n\n<ul class=\"wp-block-list\">\n<li>Rozpoznawaj powtarzaj\u0105ce si\u0119 wizyty<\/li>\n\n\n\n<li>Pomiar wzorc\u00f3w ruchu<\/li>\n\n\n\n<li>Analizuj zaanga\u017cowanie odwiedzaj\u0105cych<\/li>\n\n\n\n<li>Poprawa og\u00f3lnego do\u015bwiadczenia u\u017cytkownika witryny<\/li>\n<\/ul>\n\n\n\n<p>Wi\u0119kszo\u015b\u0107 przegl\u0105darek internetowych pozwala u\u017cytkownikom kontrolowa\u0107 pliki cookie za pomoc\u0105 ustawie\u0144 przegl\u0105darki. Mo\u017cesz zablokowa\u0107 lub wy\u0142\u0105czy\u0107 obs\u0142ug\u0119 plik\u00f3w cookie, jednak mo\u017ce to wp\u0142yn\u0105\u0107 na dzia\u0142anie lub wydajno\u015b\u0107 niekt\u00f3rych aspekt\u00f3w Witryny.<\/p>\n\n\n\n<h2 class=\"wp-block-heading\">6. Podstawa prawna i cel przetwarzania<\/h2>\n\n\n\n<p>W zakresie dozwolonym przez obowi\u0105zuj\u0105ce przepisy o ochronie prywatno\u015bci, ograniczone informacje analityczne przetwarzane za po\u015brednictwem Witryny s\u0105 wykorzystywane w uzasadnionych interesach, w tym:<\/p>\n\n\n\n<ul class=\"wp-block-list\">\n<li>Obs\u0142uga i konserwacja witryny<\/li>\n\n\n\n<li>Zrozumienie zaanga\u017cowania odbiorc\u00f3w<\/li>\n\n\n\n<li>Poprawa u\u017cyteczno\u015bci i dostarczania tre\u015bci<\/li>\n\n\n\n<li>Ochrona witryny przed niew\u0142a\u015bciwym u\u017cyciem lub awari\u0105 techniczn\u0105<\/li>\n<\/ul>\n\n\n\n<p>Nie sprzedajemy danych u\u017cytkownik\u00f3w i nie gromadzimy \u015bwiadomie danych osobowych w celach odsprzeda\u017cy reklamowej.<\/p>\n\n\n\n<h2 class=\"wp-block-heading\">7. Ujawnianie informacji<\/h2>\n\n\n\n<p>Poniewa\u017c nie gromadzimy celowo danych osobowych podczas normalnego korzystania z Witryny, nie udost\u0119pniamy ich osobom trzecim, z wyj\u0105tkiem nast\u0119puj\u0105cych sytuacji:<\/p>\n\n\n\n<ul class=\"wp-block-list\">\n<li>Do dostawc\u00f3w us\u0142ug, kt\u00f3rzy obs\u0142uguj\u0105 analityk\u0119 lub funkcjonalno\u015b\u0107 witryny, w tym Google Analytics<\/li>\n\n\n\n<li>W przypadku gdy jest to wymagane przez obowi\u0105zuj\u0105ce prawo, post\u0119powanie prawne, wezwanie, nakaz s\u0105dowy lub \u017c\u0105danie rz\u0105dowe<\/li>\n\n\n\n<li>W przypadku, gdy ujawnienie jest konieczne w celu ochrony praw, bezpiecze\u0144stwa lub w\u0142asno\u015bci 2USA, jej u\u017cytkownik\u00f3w lub innych os\u00f3b<\/li>\n\n\n\n<li>W zwi\u0105zku z przeniesieniem przedsi\u0119biorstwa, fuzj\u0105, restrukturyzacj\u0105 lub podobn\u0105 transakcj\u0105 organizacyjn\u0105, w zakresie dozwolonym przez prawo<\/li>\n<\/ul>\n\n\n\n<p>Ka\u017cdy zewn\u0119trzny us\u0142ugodawca mo\u017ce przetwarza\u0107 informacje zgodnie z w\u0142asnymi, obowi\u0105zuj\u0105cymi go zasadami ochrony prywatno\u015bci i obowi\u0105zkami prawnymi.<\/p>\n\n\n\n<h2 class=\"wp-block-heading\">8. Przechowywanie danych<\/h2>\n\n\n\n<p>Informacje analityczne mog\u0105 by\u0107 przechowywane tak d\u0142ugo, jak jest to uzasadnione i konieczne do realizacji cel\u00f3w opisanych w niniejszej Polityce prywatno\u015bci, w tym pomiaru ruchu, analizy wydajno\u015bci witryny, konserwacji technicznej i raportowania trend\u00f3w, zgodnie z ustawieniami przechowywania skonfigurowanymi w Google Analytics lub u innych odpowiednich dostawc\u00f3w us\u0142ug.<\/p>\n\n\n\n<h2 class=\"wp-block-heading\">9. Mi\u0119dzynarodowy transfer danych<\/h2>\n\n\n\n<p>Dost\u0119p do Witryny jest mo\u017cliwy z zagranicy. Informacje gromadzone za pomoc\u0105 technologii analitycznych mog\u0105 by\u0107 przetwarzane lub przechowywane w Stanach Zjednoczonych lub innych jurysdykcjach, w kt\u00f3rych dzia\u0142aj\u0105 nasi dostawcy us\u0142ug.<\/p>\n\n\n\n<p>Korzystaj\u0105c z Witryny, potwierdzasz, \u017ce Twoje dane mog\u0105 by\u0107 przesy\u0142ane i przetwarzane w jurysdykcjach, kt\u00f3re mog\u0105 nie zapewnia\u0107 takiego samego poziomu ochrony danych jak Tw\u00f3j kraj zamieszkania.<\/p>\n\n\n\n<h2 class=\"wp-block-heading\">10. Bezpiecze\u0144stwo danych<\/h2>\n\n\n\n<p>Podejmujemy uzasadnione \u015brodki administracyjne, techniczne i organizacyjne w celu ochrony Witryny i ograniczonych informacji przetwarzanych w zwi\u0105zku z jej dzia\u0142aniem. Jednak \u017cadna witryna internetowa, transmisja internetowa ani system przechowywania danych nie mog\u0105 zagwarantowa\u0107 ca\u0142kowitego bezpiecze\u0144stwa.<\/p>\n\n\n\n<p>W zwi\u0105zku z tym, mimo \u017ce dbamy o ochron\u0119 informacji, nie gwarantujemy ani nie r\u0119czymy za ich ca\u0142kowite bezpiecze\u0144stwo.<\/p>\n\n\n\n<h2 class=\"wp-block-heading\">11. Linki i us\u0142ugi stron trzecich<\/h2>\n\n\n\n<p>Witryna mo\u017ce zawiera\u0107 linki do stron internetowych os\u00f3b trzecich, \u017ar\u00f3de\u0142 rz\u0105dowych lub innych platform zewn\u0119trznych. Niniejsza Polityka Prywatno\u015bci nie ma zastosowania do stron internetowych ani us\u0142ug os\u00f3b trzecich i nie ponosimy odpowiedzialno\u015bci za praktyki tych os\u00f3b trzecich w zakresie prywatno\u015bci, bezpiecze\u0144stwa ani tre\u015bci.<\/p>\n\n\n\n<p>U\u017cytkownicy powinni zapozna\u0107 si\u0119 z polityk\u0105 prywatno\u015bci wszelkich zewn\u0119trznych witryn internetowych, kt\u00f3re odwiedzaj\u0105.<\/p>\n\n\n\n<h2 class=\"wp-block-heading\">12. Prywatno\u015b\u0107 dzieci<\/h2>\n\n\n\n<p>Strona nie jest skierowana do dzieci poni\u017cej 13. roku \u017cycia i nie gromadzimy \u015bwiadomie danych osobowych dzieci za po\u015brednictwem Strony. Je\u015bli dowiemy si\u0119, \u017ce dane osobowe dziecka zosta\u0142y zebrane z naruszeniem obowi\u0105zuj\u0105cego prawa, podejmiemy odpowiednie kroki w celu usuni\u0119cia tych danych.<\/p>\n\n\n\n<h2 class=\"wp-block-heading\">13. Twoje prawa i wybory<\/h2>\n\n\n\n<p>W zale\u017cno\u015bci od jurysdykcji, kt\u00f3rej podlegasz, mo\u017cesz mie\u0107 okre\u015blone prawa dotycz\u0105ce informacji, kt\u00f3re Ci\u0119 dotycz\u0105, w tym prawo do \u017c\u0105dania dost\u0119pu, korekty, usuni\u0119cia, ograniczenia lub sprzeciwu, je\u017celi jest to wymagane przez prawo.<\/p>\n\n\n\n<p>Poniewa\u017c 2USA nie gromadzi celowo danych osobowych u\u017cytkownik\u00f3w w ramach normalnego dzia\u0142ania Witryny, prawa te mog\u0105 by\u0107 ograniczone w praktyce. U\u017cytkownicy mog\u0105 jednak skorzysta\u0107 z pewnych opcji, poprzez:<\/p>\n\n\n\n<ul class=\"wp-block-list\">\n<li>Zmiana ustawie\u0144 plik\u00f3w cookie w przegl\u0105darce<\/li>\n\n\n\n<li>Korzystanie z kontroli prywatno\u015bci lub rozszerze\u0144 przegl\u0105darki<\/li>\n\n\n\n<li>Rezygnacja z Google Analytics za pomoc\u0105 dost\u0119pnych narz\u0119dzi Google<\/li>\n\n\n\n<li>Kontakt z nami w sprawie kwestii zwi\u0105zanych z prywatno\u015bci\u0105<\/li>\n<\/ul>\n\n\n\n<h2 class=\"wp-block-heading\">14. Nie \u015bled\u017a<\/h2>\n\n\n\n<p>Niekt\u00f3re przegl\u0105darki mog\u0105 wysy\u0142a\u0107 sygna\u0142y \u201cDo Not Track\u201d (Nie \u015bled\u017a). Poniewa\u017c obecnie nie ma powszechnie akceptowanego standardu reagowania na takie sygna\u0142y, Witryna mo\u017ce nie reagowa\u0107 na nie w sp\u00f3jny spos\u00f3b.<\/p>\n\n\n\n<h2 class=\"wp-block-heading\">15. Zmiany w niniejszej Polityce Prywatno\u015bci<\/h2>\n\n\n\n<p>Zastrzegamy sobie prawo do zmiany, rewizji lub aktualizacji niniejszej Polityki Prywatno\u015bci w dowolnym momencie, wed\u0142ug w\u0142asnego uznania. Wszelkie zmiany wchodz\u0105 w \u017cycie z chwil\u0105 opublikowania zmienionej Polityki Prywatno\u015bci w Serwisie, o ile nie zaznaczono inaczej. Data \u201cWej\u015bcia w \u017cycie\u201d lub \u201cOstatniej aktualizacji\u201d u g\u00f3ry tej strony wskazuje dat\u0119 ostatniej rewizji niniejszej Polityki Prywatno\u015bci.<\/p>\n\n\n\n<p>Dalsze korzystanie ze Strony po wprowadzeniu zmian oznacza akceptacj\u0119 zmienionej Polityki prywatno\u015bci.<\/p>\n\n\n\n<h2 class=\"wp-block-heading\">16. Informacje kontaktowe<\/h2>\n\n\n\n<p>Je\u015bli masz pytania, w\u0105tpliwo\u015bci lub pro\u015bby dotycz\u0105ce niniejszej Polityki prywatno\u015bci, mo\u017cesz si\u0119 z nami skontaktowa\u0107, pisz\u0105c na adres:<\/p>\n\n\n\n<p><strong>2USA News Inc.<\/strong><br><strong>Strona internetowa:<\/strong>\u00a0<a href=\"https:\/\/www.2usa.org\/pl\/\" target=\"_blank\" rel=\"noreferrer noopener\">https:\/\/www.2usa.org<\/a><br><strong>E-mail:<\/strong>\u00a0privacy@2usa.org<br><strong>Adres pocztowy:<\/strong> 116 44th St NE, Waszyngton, DC, Stany Zjednoczone Ameryki.<\/p>\n<\/div>\n<\/div>","protected":false},"excerpt":{"rendered":"<p>Polityka Prywatno\u015bci Data wej\u015bcia w \u017cycie: 1 kwietnia 2026 r. Ostatnia aktualizacja: 1 kwietnia 2026 r. Niniejsza Polityka Prywatno\u015bci opisuje, w jaki spos\u00f3b 2USA (\u201c2USA\u201d, \u201cmy\u201d, \u201cnas\u201d lub \u201cnasz\u201d) gromadzi, wykorzystuje, ujawnia i chroni informacje uzyskane za po\u015brednictwem witryny internetowej www.2usa.org (\u201cWitryna\u201d). Uzyskuj\u0105c dost\u0119p do Witryny lub korzystaj\u0105c z niej, potwierdzasz, \u017ce zapozna\u0142e\u015b si\u0119 z niniejsz\u0105 Polityk\u0105 Prywatno\u015bci i j\u0105 rozumiesz. 1. Zakres niniejszej Polityki Prywatno\u015bci Niniejsza\u2026 <a title=\"Polityka prywatno\u015bci\" class=\"read-more\" href=\"https:\/\/www.2usa.org\/pl\/privacy-policy\/\" aria-label=\"Dowiedz si\u0119 wi\u0119cej o Polityka prywatno\u015bci\">Czytaj dalej<\/a><\/p>","protected":false},"author":1,"featured_media":0,"parent":0,"menu_order":0,"comment_status":"closed","ping_status":"closed","template":"","meta":{"footnotes":""},"class_list":{"0":"post-30249","1":"page","2":"type-page","3":"status-publish","5":"no-featured-image-padding"},"yoast_head":"<!-- This site is optimized with the Yoast SEO Premium plugin v27.1 (Yoast SEO v27.1.1) - https:\/\/yoast.com\/product\/yoast-seo-premium-wordpress\/ -->\n<title>Privacy Policy - 2USA.org<\/title>\n<meta name=\"robots\" content=\"index, follow, max-snippet:-1, max-image-preview:large, max-video-preview:-1\" \/>\n<link rel=\"canonical\" href=\"https:\/\/www.2usa.org\/pl\/privacy-policy\/\" \/>\n<meta property=\"og:locale\" content=\"pl_PL\" \/>\n<meta property=\"og:type\" content=\"article\" \/>\n<meta property=\"og:title\" content=\"Privacy Policy\" \/>\n<meta property=\"og:description\" content=\"Privacy Policy Effective Date:\u00a0Apr 1st, 2026Last Updated:\u00a0Apr 1st, 2026 This Privacy Policy describes how&nbsp;2USA&nbsp;(\u201c2USA,\u201d \u201cwe,\u201d \u201cus,\u201d or \u201cour\u201d) collects, uses, discloses, and protects information obtained through the website located at&nbsp;www.2usa.org&nbsp;(the \u201cSite\u201d). By accessing or using the Site, you acknowledge that you have read and understood this Privacy Policy. 1. Scope of This Privacy Policy This ... Czytaj dalej\" \/>\n<meta property=\"og:url\" content=\"https:\/\/www.2usa.org\/pl\/privacy-policy\/\" \/>\n<meta property=\"og:site_name\" content=\"2USA.org\" \/>\n<meta property=\"article:modified_time\" content=\"2026-04-01T07:17:44+00:00\" \/>\n<meta name=\"twitter:card\" content=\"summary_large_image\" \/>\n<meta name=\"twitter:label1\" content=\"Szacowany czas czytania\" \/>\n\t<meta name=\"twitter:data1\" content=\"6 minut\" \/>\n<script type=\"application\/ld+json\" class=\"yoast-schema-graph\">{\"@context\":\"https:\/\/schema.org\",\"@graph\":[{\"@type\":\"WebPage\",\"@id\":\"https:\/\/www.2usa.org\/privacy-policy\/\",\"url\":\"https:\/\/www.2usa.org\/privacy-policy\/\",\"name\":\"Privacy Policy - 2USA.org\",\"isPartOf\":{\"@id\":\"https:\/\/www.2usa.org\/#website\"},\"datePublished\":\"2023-08-24T20:15:00+00:00\",\"dateModified\":\"2026-04-01T07:17:44+00:00\",\"breadcrumb\":{\"@id\":\"https:\/\/www.2usa.org\/privacy-policy\/#breadcrumb\"},\"inLanguage\":\"pl-PL\",\"potentialAction\":[{\"@type\":\"ReadAction\",\"target\":[\"https:\/\/www.2usa.org\/privacy-policy\/\"]}]},{\"@type\":\"BreadcrumbList\",\"@id\":\"https:\/\/www.2usa.org\/privacy-policy\/#breadcrumb\",\"itemListElement\":[{\"@type\":\"ListItem\",\"position\":1,\"name\":\"Home\",\"item\":\"https:\/\/www.2usa.org\/\"},{\"@type\":\"ListItem\",\"position\":2,\"name\":\"Privacy Policy\"}]},{\"@type\":\"WebSite\",\"@id\":\"https:\/\/www.2usa.org\/#website\",\"url\":\"https:\/\/www.2usa.org\/\",\"name\":\"2USA.org\",\"description\":\"Navigate Your Path to the United States\",\"publisher\":{\"@id\":\"https:\/\/www.2usa.org\/#organization\"},\"potentialAction\":[{\"@type\":\"SearchAction\",\"target\":{\"@type\":\"EntryPoint\",\"urlTemplate\":\"https:\/\/www.2usa.org\/?s={search_term_string}\"},\"query-input\":{\"@type\":\"PropertyValueSpecification\",\"valueRequired\":true,\"valueName\":\"search_term_string\"}}],\"inLanguage\":\"pl-PL\"},{\"@type\":\"Organization\",\"@id\":\"https:\/\/www.2usa.org\/#organization\",\"name\":\"2USA News Inc.\",\"url\":\"https:\/\/www.2usa.org\/\",\"logo\":{\"@type\":\"ImageObject\",\"inLanguage\":\"pl-PL\",\"@id\":\"https:\/\/www.2usa.org\/#\/schema\/logo\/image\/\",\"url\":\"https:\/\/www.2usa.org\/wp-content\/uploads\/2026\/03\/cropped-2usa_logo_transparent.png\",\"contentUrl\":\"https:\/\/www.2usa.org\/wp-content\/uploads\/2026\/03\/cropped-2usa_logo_transparent.png\",\"width\":512,\"height\":512,\"caption\":\"2USA News Inc.\"},\"image\":{\"@id\":\"https:\/\/www.2usa.org\/#\/schema\/logo\/image\/\"},\"description\":\"2USA is a private news and information publication based in Washington, D.C., focused on delivering timely, credible, and accessible coverage of U.S. immigration policy, visa developments, regulatory changes, and critical dates that matter to people planning to move to the United States.\",\"email\":\"hello@2usa.org\",\"legalName\":\"2USA News Inc\",\"foundingDate\":\"2025-05-21\",\"numberOfEmployees\":{\"@type\":\"QuantitativeValue\",\"minValue\":\"1\",\"maxValue\":\"10\"}}]}<\/script>\n<!-- \/ Yoast SEO Premium plugin. -->","yoast_head_json":{"title":"Polityka prywatno\u015bci - 2USA.org","robots":{"index":"index","follow":"follow","max-snippet":"max-snippet:-1","max-image-preview":"max-image-preview:large","max-video-preview":"max-video-preview:-1"},"canonical":"https:\/\/www.2usa.org\/pl\/privacy-policy\/","og_locale":"pl_PL","og_type":"article","og_title":"Privacy Policy","og_description":"Privacy Policy Effective Date:\u00a0Apr 1st, 2026Last Updated:\u00a0Apr 1st, 2026 This Privacy Policy describes how&nbsp;2USA&nbsp;(\u201c2USA,\u201d \u201cwe,\u201d \u201cus,\u201d or \u201cour\u201d) collects, uses, discloses, and protects information obtained through the website located at&nbsp;www.2usa.org&nbsp;(the \u201cSite\u201d). By accessing or using the Site, you acknowledge that you have read and understood this Privacy Policy. 1. Scope of This Privacy Policy This ... Czytaj dalej","og_url":"https:\/\/www.2usa.org\/pl\/privacy-policy\/","og_site_name":"2USA.org","article_modified_time":"2026-04-01T07:17:44+00:00","twitter_card":"summary_large_image","twitter_misc":{"Szacowany czas czytania":"6 minut"},"schema":{"@context":"https:\/\/schema.org","@graph":[{"@type":"WebPage","@id":"https:\/\/www.2usa.org\/privacy-policy\/","url":"https:\/\/www.2usa.org\/privacy-policy\/","name":"Polityka prywatno\u015bci - 2USA.org","isPartOf":{"@id":"https:\/\/www.2usa.org\/#website"},"datePublished":"2023-08-24T20:15:00+00:00","dateModified":"2026-04-01T07:17:44+00:00","breadcrumb":{"@id":"https:\/\/www.2usa.org\/privacy-policy\/#breadcrumb"},"inLanguage":"pl-PL","potentialAction":[{"@type":"ReadAction","target":["https:\/\/www.2usa.org\/privacy-policy\/"]}]},{"@type":"BreadcrumbList","@id":"https:\/\/www.2usa.org\/privacy-policy\/#breadcrumb","itemListElement":[{"@type":"ListItem","position":1,"name":"Home","item":"https:\/\/www.2usa.org\/"},{"@type":"ListItem","position":2,"name":"Privacy Policy"}]},{"@type":"WebSite","@id":"https:\/\/www.2usa.org\/#website","url":"https:\/\/www.2usa.org\/","name":"2USA.org","description":"Wybierz swoj\u0105 drog\u0119 do Stan\u00f3w Zjednoczonych","publisher":{"@id":"https:\/\/www.2usa.org\/#organization"},"potentialAction":[{"@type":"SearchAction","target":{"@type":"EntryPoint","urlTemplate":"https:\/\/www.2usa.org\/?s={search_term_string}"},"query-input":{"@type":"PropertyValueSpecification","valueRequired":true,"valueName":"search_term_string"}}],"inLanguage":"pl-PL"},{"@type":"Organization","@id":"https:\/\/www.2usa.org\/#organization","name":"2USA News Inc.","url":"https:\/\/www.2usa.org\/","logo":{"@type":"ImageObject","inLanguage":"pl-PL","@id":"https:\/\/www.2usa.org\/#\/schema\/logo\/image\/","url":"https:\/\/www.2usa.org\/wp-content\/uploads\/2026\/03\/cropped-2usa_logo_transparent.png","contentUrl":"https:\/\/www.2usa.org\/wp-content\/uploads\/2026\/03\/cropped-2usa_logo_transparent.png","width":512,"height":512,"caption":"2USA News Inc."},"image":{"@id":"https:\/\/www.2usa.org\/#\/schema\/logo\/image\/"},"description":"2USA to prywatna publikacja informacyjna z siedzib\u0105 w Waszyngtonie, kt\u00f3rej celem jest dostarczanie aktualnych, wiarygodnych i przyst\u0119pnych informacji na temat polityki imigracyjnej Stan\u00f3w Zjednoczonych, zmian w przepisach wizowych, zmian regulacyjnych oraz wa\u017cnych dat, kt\u00f3re maj\u0105 znaczenie dla os\u00f3b planuj\u0105cych przeprowadzk\u0119 do Stan\u00f3w Zjednoczonych.","email":"hello@2usa.org","legalName":"2USA News Inc","foundingDate":"2025-05-21","numberOfEmployees":{"@type":"QuantitativeValue","minValue":"1","maxValue":"10"}}]}},"_links":{"self":[{"href":"https:\/\/www.2usa.org\/pl\/wp-json\/wp\/v2\/pages\/30249","targetHints":{"allow":["GET"]}}],"collection":[{"href":"https:\/\/www.2usa.org\/pl\/wp-json\/wp\/v2\/pages"}],"about":[{"href":"https:\/\/www.2usa.org\/pl\/wp-json\/wp\/v2\/types\/page"}],"author":[{"embeddable":true,"href":"https:\/\/www.2usa.org\/pl\/wp-json\/wp\/v2\/users\/1"}],"replies":[{"embeddable":true,"href":"https:\/\/www.2usa.org\/pl\/wp-json\/wp\/v2\/comments?post=30249"}],"version-history":[{"count":2,"href":"https:\/\/www.2usa.org\/pl\/wp-json\/wp\/v2\/pages\/30249\/revisions"}],"predecessor-version":[{"id":49721,"href":"https:\/\/www.2usa.org\/pl\/wp-json\/wp\/v2\/pages\/30249\/revisions\/49721"}],"wp:attachment":[{"href":"https:\/\/www.2usa.org\/pl\/wp-json\/wp\/v2\/media?parent=30249"}],"curies":[{"name":"wp","href":"https:\/\/api.w.org\/{rel}","templated":true}]}}