{"id":30249,"date":"2023-08-24T20:15:00","date_gmt":"2023-08-24T20:15:00","guid":{"rendered":"https:\/\/sites.generatepress.com\/nomad\/?page_id=30249"},"modified":"2026-04-01T07:17:44","modified_gmt":"2026-04-01T07:17:44","slug":"privacy-policy","status":"publish","type":"page","link":"https:\/\/www.2usa.org\/es\/privacy-policy\/","title":{"rendered":"pol\u00edtica de privacidad"},"content":{"rendered":"<div class=\"gbp-section\">\n<div class=\"gbp-section__inner\">\n<h1 class=\"wp-block-heading\">pol\u00edtica de privacidad<\/h1>\n\n\n\n<p><strong>Fecha de entrada en vigor:<\/strong>\u00a01 de abril de 2026<br><strong>\u00daltima actualizaci\u00f3n:<\/strong>\u00a01 de abril de 2026<\/p>\n\n\n\n<p>Esta Pol\u00edtica de Privacidad describe c\u00f3mo&nbsp;<strong>2USA<\/strong>&nbsp;(\u201c<strong>2USA<\/strong>,\u201d \u201c<strong>nosotros<\/strong>,\u201d \u201c<strong>a nosotros<\/strong>,&quot; o &quot;\u201d<strong>nuestro<\/strong>\u201d) recopila, utiliza, divulga y protege la informaci\u00f3n obtenida a trav\u00e9s del sitio web ubicado en&nbsp;<strong><a href=\"http:\/\/www.2usa.org\/es\/\" rel=\"noreferrer noopener\" target=\"_blank\">www.2usa.org<\/a><\/strong>&nbsp;(el &quot;\u201c<strong>Sitio<\/strong>\u201d).<\/p>\n\n\n\n<p>Al acceder o utilizar el Sitio, usted reconoce que ha le\u00eddo y comprendido esta Pol\u00edtica de Privacidad.<\/p>\n\n\n\n<h2 class=\"wp-block-heading\">1. Alcance de esta Pol\u00edtica de Privacidad<\/h2>\n\n\n\n<p>Esta Pol\u00edtica de Privacidad se aplica exclusivamente a la informaci\u00f3n recopilada a trav\u00e9s del Sitio. Explica qu\u00e9 informaci\u00f3n se puede recopilar autom\u00e1ticamente cuando los usuarios visitan el Sitio, c\u00f3mo se utiliza dicha informaci\u00f3n y los derechos y opciones disponibles para los visitantes.<\/p>\n\n\n\n<p>2USA es un sitio web de noticias e informaci\u00f3n. No requerimos que los usuarios creen cuentas y no recopilamos intencionalmente informaci\u00f3n de identificaci\u00f3n personal a trav\u00e9s del uso ordinario del Sitio, excepto por datos limitados recopilados autom\u00e1ticamente a trav\u00e9s de&nbsp;<strong>Google Analytics<\/strong>&nbsp;para el an\u00e1lisis del tr\u00e1fico web y la medici\u00f3n del rendimiento.<\/p>\n\n\n\n<h2 class=\"wp-block-heading\">2. Informaci\u00f3n que recopilamos<\/h2>\n\n\n\n<h3 class=\"wp-block-heading\">2.1 Informaci\u00f3n recopilada autom\u00e1ticamente<\/h3>\n\n\n\n<p>Al acceder o navegar por el Sitio, cierta informaci\u00f3n puede recopilarse autom\u00e1ticamente a trav\u00e9s de tecnolog\u00edas de an\u00e1lisis, incluyendo Google Analytics. Esta informaci\u00f3n puede incluir, entre otros:<\/p>\n\n\n\n<ul class=\"wp-block-list\">\n<li>Direcci\u00f3n de Protocolo de Internet (IP)<\/li>\n\n\n\n<li>Tipo y versi\u00f3n del navegador<\/li>\n\n\n\n<li>Tipo de dispositivo<\/li>\n\n\n\n<li>Sistema operativo<\/li>\n\n\n\n<li>Ubicaci\u00f3n geogr\u00e1fica aproximada<\/li>\n\n\n\n<li>Sitio web o fuente de referencia<\/li>\n\n\n\n<li>P\u00e1ginas vistas<\/li>\n\n\n\n<li>Tiempo dedicado a las p\u00e1ginas<\/li>\n\n\n\n<li>Rutas de navegaci\u00f3n y comportamiento de uso general<\/li>\n\n\n\n<li>Fecha y hora de acceso<\/li>\n<\/ul>\n\n\n\n<p>Esta informaci\u00f3n se suele recopilar de forma agregada o anonimizada y se utiliza con fines estad\u00edsticos, anal\u00edticos y de mejora del sitio web.<\/p>\n\n\n\n<h3 class=\"wp-block-heading\">2.2 Informaci\u00f3n personal<\/h3>\n\n\n\n<p>Nosotros lo hacemos&nbsp;<strong>no<\/strong>&nbsp;recopilar intencionalmente informaci\u00f3n personal como:<\/p>\n\n\n\n<ul class=\"wp-block-list\">\n<li>Nombre completo<\/li>\n\n\n\n<li>Domicilio o direcci\u00f3n postal<\/li>\n\n\n\n<li>N\u00famero telef\u00f3nico<\/li>\n\n\n\n<li>Informaci\u00f3n de pago<\/li>\n\n\n\n<li>Informaci\u00f3n de identificaci\u00f3n gubernamental<\/li>\n<\/ul>\n\n\n\n<p>a menos que usted proporcione voluntariamente dicha informaci\u00f3n a trav\u00e9s de un canal de comunicaci\u00f3n independiente, como por ejemplo un correo electr\u00f3nico iniciado por usted.<\/p>\n\n\n\n<h2 class=\"wp-block-heading\">3. Uso de la informaci\u00f3n<\/h2>\n\n\n\n<p>Podemos utilizar la informaci\u00f3n recopilada a trav\u00e9s del Sitio para fines comerciales y operativos leg\u00edtimos, incluyendo:<\/p>\n\n\n\n<ul class=\"wp-block-list\">\n<li>Supervisar y analizar el tr\u00e1fico del sitio web y las tendencias de uso.<\/li>\n\n\n\n<li>Comprender c\u00f3mo interact\u00faan los visitantes con el sitio.<\/li>\n\n\n\n<li>Mejorar el contenido, el rendimiento, la funcionalidad y la usabilidad del sitio.<\/li>\n\n\n\n<li>Mantener la seguridad e integridad del Sitio<\/li>\n\n\n\n<li>Diagnosticar problemas t\u00e9cnicos<\/li>\n\n\n\n<li>Evaluar la efectividad y el alcance del contenido publicado.<\/li>\n<\/ul>\n\n\n\n<p>No utilizamos los datos de an\u00e1lisis del sitio web para identificar directamente a usuarios individuales con fines de marketing o elaboraci\u00f3n de perfiles.<\/p>\n\n\n\n<h2 class=\"wp-block-heading\">4. Google Analytics<\/h2>\n\n\n\n<p>El sitio utiliza&nbsp;<strong>Google Analytics<\/strong>, Google Analytics, un servicio de an\u00e1lisis web proporcionado por Google, utiliza cookies, p\u00edxeles o tecnolog\u00edas similares para recopilar informaci\u00f3n sobre el uso del sitio y generar informes sobre la actividad del mismo.<\/p>\n\n\n\n<p>La informaci\u00f3n recopilada por Google Analytics puede incluir datos t\u00e9cnicos y de uso, como su direcci\u00f3n IP, tipo de navegador, informaci\u00f3n del dispositivo e interacciones con sitios web. Dicha informaci\u00f3n se procesa de acuerdo con las pr\u00e1cticas de privacidad de Google.<\/p>\n\n\n\n<p>Para obtener m\u00e1s informaci\u00f3n sobre c\u00f3mo Google recopila y procesa datos, consulte la Pol\u00edtica de privacidad de Google en:<\/p>\n\n\n\n<p><a href=\"https:\/\/policies.google.com\/privacy\">https:\/\/policies.google.com\/privacy<\/a><\/p>\n\n\n\n<p>Los usuarios pueden optar por no participar en Google Analytics instalando el complemento de navegador de exclusi\u00f3n voluntaria de Google Analytics disponible en:<\/p>\n\n\n\n<p><a href=\"https:\/\/tools.google.com\/dlpage\/gaoptout\">https:\/\/tools.google.com\/dlpage\/gaoptout<\/a><\/p>\n\n\n\n<h2 class=\"wp-block-heading\">5. Cookies y tecnolog\u00edas similares<\/h2>\n\n\n\n<p>El sitio web puede utilizar cookies y tecnolog\u00edas de seguimiento similares en relaci\u00f3n con Google Analytics. Las cookies son peque\u00f1os archivos de texto que se almacenan en el dispositivo del usuario para ayudar a que los sitios web funcionen correctamente y para proporcionar informaci\u00f3n anal\u00edtica.<\/p>\n\n\n\n<p>Estas tecnolog\u00edas pueden utilizarse para:<\/p>\n\n\n\n<ul class=\"wp-block-list\">\n<li>Reconocer las visitas repetidas<\/li>\n\n\n\n<li>Medir los patrones de tr\u00e1fico<\/li>\n\n\n\n<li>Analizar la participaci\u00f3n de los visitantes<\/li>\n\n\n\n<li>Mejorar la experiencia general del sitio web.<\/li>\n<\/ul>\n\n\n\n<p>La mayor\u00eda de los navegadores web permiten a los usuarios controlar las cookies mediante la configuraci\u00f3n del navegador. Puede optar por bloquear o deshabilitar las cookies; sin embargo, al hacerlo, es posible que se vea afectado el funcionamiento o el rendimiento de ciertas funciones del sitio.<\/p>\n\n\n\n<h2 class=\"wp-block-heading\">6. Base jur\u00eddica y finalidad del tratamiento<\/h2>\n\n\n\n<p>En la medida en que sea aplicable seg\u00fan las leyes de privacidad pertinentes, la informaci\u00f3n limitada relacionada con el an\u00e1lisis que se procesa a trav\u00e9s del Sitio se utiliza para intereses leg\u00edtimos, que incluyen:<\/p>\n\n\n\n<ul class=\"wp-block-list\">\n<li>Operar y mantener el sitio<\/li>\n\n\n\n<li>Comprender la participaci\u00f3n de la audiencia<\/li>\n\n\n\n<li>Mejorar la usabilidad y la entrega de contenido.<\/li>\n\n\n\n<li>Protecci\u00f3n del sitio contra el uso indebido o fallos t\u00e9cnicos<\/li>\n<\/ul>\n\n\n\n<p>No vendemos datos de usuarios ni recopilamos informaci\u00f3n personal a sabiendas con fines publicitarios o de reventa.<\/p>\n\n\n\n<h2 class=\"wp-block-heading\">7. Divulgaci\u00f3n de informaci\u00f3n<\/h2>\n\n\n\n<p>Dado que no recopilamos intencionadamente informaci\u00f3n personal mediante el uso normal del Sitio, no divulgamos dicha informaci\u00f3n a terceros, excepto en los siguientes casos:<\/p>\n\n\n\n<ul class=\"wp-block-list\">\n<li>A los proveedores de servicios que admiten an\u00e1lisis o funcionalidades de sitios web, incluido Google Analytics.<\/li>\n\n\n\n<li>Cuando as\u00ed lo exija la ley aplicable, un proceso legal, una citaci\u00f3n judicial, una orden judicial o una solicitud gubernamental.<\/li>\n\n\n\n<li>Cuando la divulgaci\u00f3n sea necesaria para proteger los derechos, la seguridad o la propiedad de 2USA, sus usuarios u otros.<\/li>\n\n\n\n<li>En relaci\u00f3n con una transferencia de negocio, fusi\u00f3n, reestructuraci\u00f3n o transacci\u00f3n organizativa similar, en la medida permitida por la ley.<\/li>\n<\/ul>\n\n\n\n<p>Cualquier proveedor de servicios externo puede procesar la informaci\u00f3n de acuerdo con sus propios t\u00e9rminos de privacidad y obligaciones legales aplicables.<\/p>\n\n\n\n<h2 class=\"wp-block-heading\">8. Retenci\u00f3n de datos<\/h2>\n\n\n\n<p>La informaci\u00f3n relacionada con el an\u00e1lisis de datos podr\u00e1 conservarse durante el tiempo que sea razonablemente necesario para cumplir con los fines descritos en esta Pol\u00edtica de Privacidad, incluyendo la medici\u00f3n del tr\u00e1fico, el an\u00e1lisis del rendimiento del sitio web, el mantenimiento t\u00e9cnico y la elaboraci\u00f3n de informes de tendencias, sujeto a cualquier configuraci\u00f3n de retenci\u00f3n configurada en Google Analytics u otros proveedores de servicios aplicables.<\/p>\n\n\n\n<h2 class=\"wp-block-heading\">9. Transferencias internacionales de datos<\/h2>\n\n\n\n<p>El sitio web es accesible internacionalmente. La informaci\u00f3n recopilada mediante tecnolog\u00edas anal\u00edticas puede procesarse o almacenarse en Estados Unidos u otras jurisdicciones donde operan nuestros proveedores de servicios.<\/p>\n\n\n\n<p>Al utilizar este sitio web, usted reconoce que la informaci\u00f3n puede ser transferida y procesada en jurisdicciones que pueden no ofrecer el mismo nivel de protecci\u00f3n de datos que su pa\u00eds de residencia.<\/p>\n\n\n\n<h2 class=\"wp-block-heading\">10. Seguridad de los datos<\/h2>\n\n\n\n<p>Adoptamos medidas administrativas, t\u00e9cnicas y organizativas razonables para proteger el Sitio y la informaci\u00f3n limitada que se procesa en relaci\u00f3n con su funcionamiento. Sin embargo, no se puede garantizar la seguridad absoluta de ning\u00fan sitio web, transmisi\u00f3n por internet ni sistema de almacenamiento de datos.<\/p>\n\n\n\n<p>Por consiguiente, si bien nos esforzamos por proteger la informaci\u00f3n, no garantizamos la seguridad absoluta.<\/p>\n\n\n\n<h2 class=\"wp-block-heading\">11. Enlaces y servicios de terceros<\/h2>\n\n\n\n<p>El Sitio puede contener enlaces a sitios web de terceros, fuentes gubernamentales u otras plataformas externas. Esta Pol\u00edtica de Privacidad no se aplica a los sitios web o servicios de terceros, y no nos hacemos responsables de las pr\u00e1cticas de privacidad, seguridad o contenido de dichos terceros.<\/p>\n\n\n\n<p>Los usuarios deben revisar las pol\u00edticas de privacidad de cualquier sitio web externo que visiten.<\/p>\n\n\n\n<h2 class=\"wp-block-heading\">12. Privacidad de los ni\u00f1os<\/h2>\n\n\n\n<p>Este sitio web no est\u00e1 dirigido a menores de 13 a\u00f1os y no recopilamos informaci\u00f3n personal de menores a trav\u00e9s del mismo. Si detectamos que se ha recopilado informaci\u00f3n personal de un menor infringiendo la legislaci\u00f3n vigente, tomaremos las medidas necesarias para eliminarla.<\/p>\n\n\n\n<h2 class=\"wp-block-heading\">13. Tus derechos y opciones<\/h2>\n\n\n\n<p>Dependiendo de la jurisdicci\u00f3n en la que se encuentre, usted puede tener ciertos derechos con respecto a la informaci\u00f3n relacionada con usted, incluidos los derechos a solicitar acceso, correcci\u00f3n, eliminaci\u00f3n, restricci\u00f3n u objeci\u00f3n, cuando as\u00ed lo permita la ley.<\/p>\n\n\n\n<p>Dado que 2USA no recopila intencionalmente informaci\u00f3n personal de los usuarios a trav\u00e9s del funcionamiento normal del Sitio, dichos derechos pueden verse limitados en la pr\u00e1ctica. Sin embargo, los usuarios pueden ejercer ciertas opciones mediante:<\/p>\n\n\n\n<ul class=\"wp-block-list\">\n<li>Ajustar la configuraci\u00f3n de las cookies del navegador<\/li>\n\n\n\n<li>Utilizar controles de privacidad o extensiones del navegador.<\/li>\n\n\n\n<li>C\u00f3mo desactivar Google Analytics mediante las herramientas disponibles de Google.<\/li>\n\n\n\n<li>Si desea ponerse en contacto con nosotros para cualquier consulta relacionada con la privacidad, p\u00f3ngase en contacto con nosotros.<\/li>\n<\/ul>\n\n\n\n<h2 class=\"wp-block-heading\">14. No rastrear<\/h2>\n\n\n\n<p>Algunos navegadores pueden transmitir se\u00f1ales de &quot;No rastrear&quot;. Dado que actualmente no existe un est\u00e1ndar universalmente aceptado para responder a dichas se\u00f1ales, es posible que el sitio no responda a ellas de manera consistente.<\/p>\n\n\n\n<h2 class=\"wp-block-heading\">15. Cambios en esta Pol\u00edtica de Privacidad<\/h2>\n\n\n\n<p>Nos reservamos el derecho de modificar, revisar o actualizar esta Pol\u00edtica de Privacidad en cualquier momento, a nuestra entera discreci\u00f3n. Cualquier cambio entrar\u00e1 en vigor al publicarse la Pol\u00edtica de Privacidad revisada en el Sitio, salvo que se indique lo contrario. La fecha de \u201cEntrada en vigor\u201d o \u201c\u00daltima actualizaci\u00f3n\u201d que aparece en la parte superior de esta p\u00e1gina indicar\u00e1 cu\u00e1ndo se revis\u00f3 por \u00faltima vez esta Pol\u00edtica de Privacidad.<\/p>\n\n\n\n<p>El uso continuado del Sitio despu\u00e9s de que se publiquen los cambios constituye la aceptaci\u00f3n por su parte de la Pol\u00edtica de Privacidad revisada.<\/p>\n\n\n\n<h2 class=\"wp-block-heading\">16. Informaci\u00f3n de contacto<\/h2>\n\n\n\n<p>Si tiene preguntas, inquietudes o solicitudes relacionadas con esta Pol\u00edtica de Privacidad, puede ponerse en contacto con nosotros en:<\/p>\n\n\n\n<p><strong>2USA News Inc.<\/strong><br><strong>Sitio web:<\/strong>\u00a0<a href=\"https:\/\/www.2usa.org\/es\/\" target=\"_blank\" rel=\"noreferrer noopener\">https:\/\/www.2usa.org<\/a><br><strong>Correo electr\u00f3nico:<\/strong>\u00a0privacy@2usa.org<br><strong>Direcci\u00f3n de envio:<\/strong> 116 44th St NE, Washington, DC, Estados Unidos de Am\u00e9rica.<\/p>\n<\/div>\n<\/div>","protected":false},"excerpt":{"rendered":"<p>Pol\u00edtica de privacidad Fecha de entrada en vigor: 1 de abril de 2026 \u00daltima actualizaci\u00f3n: 1 de abril de 2026 Esta Pol\u00edtica de privacidad describe c\u00f3mo 2USA (\u201c2USA\u201d, \u201cnosotros\u201d o \u201cnuestro\u201d) recopila, utiliza, divulga y protege la informaci\u00f3n obtenida a trav\u00e9s del sitio web ubicado en www.2usa.org (el \u201cSitio\u201d). Al acceder o utilizar el Sitio, usted reconoce haber le\u00eddo y comprendido esta Pol\u00edtica de privacidad. 1. Alcance de esta Pol\u00edtica de privacidad Esta\u2026 <a title=\"pol\u00edtica de privacidad\" class=\"read-more\" href=\"https:\/\/www.2usa.org\/es\/privacy-policy\/\" aria-label=\"Leer m\u00e1s sobre Pol\u00edtica de Privacidad\">Leer m\u00e1s<\/a><\/p>","protected":false},"author":1,"featured_media":0,"parent":0,"menu_order":0,"comment_status":"closed","ping_status":"closed","template":"","meta":{"footnotes":""},"class_list":{"0":"post-30249","1":"page","2":"type-page","3":"status-publish","5":"no-featured-image-padding"},"yoast_head":"<!-- This site is optimized with the Yoast SEO Premium plugin v27.1 (Yoast SEO v27.1.1) - https:\/\/yoast.com\/product\/yoast-seo-premium-wordpress\/ -->\n<title>Privacy Policy - 2USA.org<\/title>\n<meta name=\"robots\" content=\"index, follow, max-snippet:-1, max-image-preview:large, max-video-preview:-1\" \/>\n<link rel=\"canonical\" href=\"https:\/\/www.2usa.org\/es\/privacy-policy\/\" \/>\n<meta property=\"og:locale\" content=\"es_ES\" \/>\n<meta property=\"og:type\" content=\"article\" \/>\n<meta property=\"og:title\" content=\"Privacy Policy\" \/>\n<meta property=\"og:description\" content=\"Privacy Policy Effective Date:\u00a0Apr 1st, 2026Last Updated:\u00a0Apr 1st, 2026 This Privacy Policy describes how&nbsp;2USA&nbsp;(\u201c2USA,\u201d \u201cwe,\u201d \u201cus,\u201d or \u201cour\u201d) collects, uses, discloses, and protects information obtained through the website located at&nbsp;www.2usa.org&nbsp;(the \u201cSite\u201d). By accessing or using the Site, you acknowledge that you have read and understood this Privacy Policy. 1. Scope of This Privacy Policy This ... Leer m\u00e1s\" \/>\n<meta property=\"og:url\" content=\"https:\/\/www.2usa.org\/es\/privacy-policy\/\" \/>\n<meta property=\"og:site_name\" content=\"2USA.org\" \/>\n<meta property=\"article:modified_time\" content=\"2026-04-01T07:17:44+00:00\" \/>\n<meta name=\"twitter:card\" content=\"summary_large_image\" \/>\n<meta name=\"twitter:label1\" content=\"Tiempo de lectura\" \/>\n\t<meta name=\"twitter:data1\" content=\"6 minutos\" \/>\n<script type=\"application\/ld+json\" class=\"yoast-schema-graph\">{\"@context\":\"https:\/\/schema.org\",\"@graph\":[{\"@type\":\"WebPage\",\"@id\":\"https:\/\/www.2usa.org\/privacy-policy\/\",\"url\":\"https:\/\/www.2usa.org\/privacy-policy\/\",\"name\":\"Privacy Policy - 2USA.org\",\"isPartOf\":{\"@id\":\"https:\/\/www.2usa.org\/#website\"},\"datePublished\":\"2023-08-24T20:15:00+00:00\",\"dateModified\":\"2026-04-01T07:17:44+00:00\",\"breadcrumb\":{\"@id\":\"https:\/\/www.2usa.org\/privacy-policy\/#breadcrumb\"},\"inLanguage\":\"es\",\"potentialAction\":[{\"@type\":\"ReadAction\",\"target\":[\"https:\/\/www.2usa.org\/privacy-policy\/\"]}]},{\"@type\":\"BreadcrumbList\",\"@id\":\"https:\/\/www.2usa.org\/privacy-policy\/#breadcrumb\",\"itemListElement\":[{\"@type\":\"ListItem\",\"position\":1,\"name\":\"Home\",\"item\":\"https:\/\/www.2usa.org\/\"},{\"@type\":\"ListItem\",\"position\":2,\"name\":\"Privacy Policy\"}]},{\"@type\":\"WebSite\",\"@id\":\"https:\/\/www.2usa.org\/#website\",\"url\":\"https:\/\/www.2usa.org\/\",\"name\":\"2USA.org\",\"description\":\"Navigate Your Path to the United States\",\"publisher\":{\"@id\":\"https:\/\/www.2usa.org\/#organization\"},\"potentialAction\":[{\"@type\":\"SearchAction\",\"target\":{\"@type\":\"EntryPoint\",\"urlTemplate\":\"https:\/\/www.2usa.org\/?s={search_term_string}\"},\"query-input\":{\"@type\":\"PropertyValueSpecification\",\"valueRequired\":true,\"valueName\":\"search_term_string\"}}],\"inLanguage\":\"es\"},{\"@type\":\"Organization\",\"@id\":\"https:\/\/www.2usa.org\/#organization\",\"name\":\"2USA News Inc.\",\"url\":\"https:\/\/www.2usa.org\/\",\"logo\":{\"@type\":\"ImageObject\",\"inLanguage\":\"es\",\"@id\":\"https:\/\/www.2usa.org\/#\/schema\/logo\/image\/\",\"url\":\"https:\/\/www.2usa.org\/wp-content\/uploads\/2026\/03\/cropped-2usa_logo_transparent.png\",\"contentUrl\":\"https:\/\/www.2usa.org\/wp-content\/uploads\/2026\/03\/cropped-2usa_logo_transparent.png\",\"width\":512,\"height\":512,\"caption\":\"2USA News Inc.\"},\"image\":{\"@id\":\"https:\/\/www.2usa.org\/#\/schema\/logo\/image\/\"},\"description\":\"2USA is a private news and information publication based in Washington, D.C., focused on delivering timely, credible, and accessible coverage of U.S. immigration policy, visa developments, regulatory changes, and critical dates that matter to people planning to move to the United States.\",\"email\":\"hello@2usa.org\",\"legalName\":\"2USA News Inc\",\"foundingDate\":\"2025-05-21\",\"numberOfEmployees\":{\"@type\":\"QuantitativeValue\",\"minValue\":\"1\",\"maxValue\":\"10\"}}]}<\/script>\n<!-- \/ Yoast SEO Premium plugin. -->","yoast_head_json":{"title":"Pol\u00edtica de privacidad - 2USA.org","robots":{"index":"index","follow":"follow","max-snippet":"max-snippet:-1","max-image-preview":"max-image-preview:large","max-video-preview":"max-video-preview:-1"},"canonical":"https:\/\/www.2usa.org\/es\/privacy-policy\/","og_locale":"es_ES","og_type":"article","og_title":"Privacy Policy","og_description":"Privacy Policy Effective Date:\u00a0Apr 1st, 2026Last Updated:\u00a0Apr 1st, 2026 This Privacy Policy describes how&nbsp;2USA&nbsp;(\u201c2USA,\u201d \u201cwe,\u201d \u201cus,\u201d or \u201cour\u201d) collects, uses, discloses, and protects information obtained through the website located at&nbsp;www.2usa.org&nbsp;(the \u201cSite\u201d). By accessing or using the Site, you acknowledge that you have read and understood this Privacy Policy. 1. Scope of This Privacy Policy This ... Leer m\u00e1s","og_url":"https:\/\/www.2usa.org\/es\/privacy-policy\/","og_site_name":"2USA.org","article_modified_time":"2026-04-01T07:17:44+00:00","twitter_card":"summary_large_image","twitter_misc":{"Tiempo de lectura":"6 minutos"},"schema":{"@context":"https:\/\/schema.org","@graph":[{"@type":"WebPage","@id":"https:\/\/www.2usa.org\/privacy-policy\/","url":"https:\/\/www.2usa.org\/privacy-policy\/","name":"Pol\u00edtica de privacidad - 2USA.org","isPartOf":{"@id":"https:\/\/www.2usa.org\/#website"},"datePublished":"2023-08-24T20:15:00+00:00","dateModified":"2026-04-01T07:17:44+00:00","breadcrumb":{"@id":"https:\/\/www.2usa.org\/privacy-policy\/#breadcrumb"},"inLanguage":"es","potentialAction":[{"@type":"ReadAction","target":["https:\/\/www.2usa.org\/privacy-policy\/"]}]},{"@type":"BreadcrumbList","@id":"https:\/\/www.2usa.org\/privacy-policy\/#breadcrumb","itemListElement":[{"@type":"ListItem","position":1,"name":"Home","item":"https:\/\/www.2usa.org\/"},{"@type":"ListItem","position":2,"name":"Privacy Policy"}]},{"@type":"WebSite","@id":"https:\/\/www.2usa.org\/#website","url":"https:\/\/www.2usa.org\/","name":"2USA.org","description":"Traza tu camino hacia los Estados Unidos","publisher":{"@id":"https:\/\/www.2usa.org\/#organization"},"potentialAction":[{"@type":"SearchAction","target":{"@type":"EntryPoint","urlTemplate":"https:\/\/www.2usa.org\/?s={search_term_string}"},"query-input":{"@type":"PropertyValueSpecification","valueRequired":true,"valueName":"search_term_string"}}],"inLanguage":"es"},{"@type":"Organization","@id":"https:\/\/www.2usa.org\/#organization","name":"2USA News Inc.","url":"https:\/\/www.2usa.org\/","logo":{"@type":"ImageObject","inLanguage":"es","@id":"https:\/\/www.2usa.org\/#\/schema\/logo\/image\/","url":"https:\/\/www.2usa.org\/wp-content\/uploads\/2026\/03\/cropped-2usa_logo_transparent.png","contentUrl":"https:\/\/www.2usa.org\/wp-content\/uploads\/2026\/03\/cropped-2usa_logo_transparent.png","width":512,"height":512,"caption":"2USA News Inc."},"image":{"@id":"https:\/\/www.2usa.org\/#\/schema\/logo\/image\/"},"description":"2USA es una publicaci\u00f3n privada de noticias e informaci\u00f3n con sede en Washington, DC, centrada en ofrecer una cobertura oportuna, cre\u00edble y accesible sobre la pol\u00edtica de inmigraci\u00f3n de EE. UU., las novedades en materia de visados, los cambios normativos y las fechas clave que importan a las personas que planean mudarse a los Estados Unidos.","email":"hello@2usa.org","legalName":"2USA News Inc","foundingDate":"2025-05-21","numberOfEmployees":{"@type":"QuantitativeValue","minValue":"1","maxValue":"10"}}]}},"_links":{"self":[{"href":"https:\/\/www.2usa.org\/es\/wp-json\/wp\/v2\/pages\/30249","targetHints":{"allow":["GET"]}}],"collection":[{"href":"https:\/\/www.2usa.org\/es\/wp-json\/wp\/v2\/pages"}],"about":[{"href":"https:\/\/www.2usa.org\/es\/wp-json\/wp\/v2\/types\/page"}],"author":[{"embeddable":true,"href":"https:\/\/www.2usa.org\/es\/wp-json\/wp\/v2\/users\/1"}],"replies":[{"embeddable":true,"href":"https:\/\/www.2usa.org\/es\/wp-json\/wp\/v2\/comments?post=30249"}],"version-history":[{"count":2,"href":"https:\/\/www.2usa.org\/es\/wp-json\/wp\/v2\/pages\/30249\/revisions"}],"predecessor-version":[{"id":49721,"href":"https:\/\/www.2usa.org\/es\/wp-json\/wp\/v2\/pages\/30249\/revisions\/49721"}],"wp:attachment":[{"href":"https:\/\/www.2usa.org\/es\/wp-json\/wp\/v2\/media?parent=30249"}],"curies":[{"name":"wp","href":"https:\/\/api.w.org\/{rel}","templated":true}]}}