{"id":30249,"date":"2023-08-24T20:15:00","date_gmt":"2023-08-24T20:15:00","guid":{"rendered":"https:\/\/sites.generatepress.com\/nomad\/?page_id=30249"},"modified":"2026-04-01T07:17:44","modified_gmt":"2026-04-01T07:17:44","slug":"privacy-policy","status":"publish","type":"page","link":"https:\/\/www.2usa.org\/de\/privacy-policy\/","title":{"rendered":"Datenschutzrichtlinie"},"content":{"rendered":"<div class=\"gbp-section\">\n<div class=\"gbp-section__inner\">\n<h1 class=\"wp-block-heading\">Datenschutzrichtlinie<\/h1>\n\n\n\n<p><strong>G\u00fcltigkeitsdatum:<\/strong>\u00a01. April 2026<br><strong>Letzte Aktualisierung:<\/strong>\u00a01. April 2026<\/p>\n\n\n\n<p>Diese Datenschutzrichtlinie beschreibt, wie&nbsp;<strong>2USA<\/strong>&nbsp;(\u201c<strong>2USA<\/strong>,\u201d \u201c<strong>Wir<\/strong>,\u201d \u201c<strong>uns<\/strong>,&quot; oder &quot;\u201d<strong>unser<\/strong>\u201dsammelt, nutzt, gibt weiter und sch\u00fctzt Informationen, die \u00fcber die Website unter der Adresse [Website-Adresse] erhalten werden.&nbsp;<strong><a href=\"http:\/\/www.2usa.org\/de\/\" rel=\"noreferrer noopener\" target=\"_blank\">www.2usa.org<\/a><\/strong>&nbsp;(Die &quot;\u201c<strong>Website<\/strong>\u201d).<\/p>\n\n\n\n<p>Durch den Zugriff auf oder die Nutzung der Website best\u00e4tigen Sie, dass Sie diese Datenschutzrichtlinie gelesen und verstanden haben.<\/p>\n\n\n\n<h2 class=\"wp-block-heading\">1. Geltungsbereich dieser Datenschutzrichtlinie<\/h2>\n\n\n\n<p>Diese Datenschutzrichtlinie gilt ausschlie\u00dflich f\u00fcr Informationen, die \u00fcber die Website erfasst werden. Sie erl\u00e4utert, welche Informationen beim Besuch der Website automatisch erfasst werden, wie diese Informationen verwendet werden und welche Rechte und Wahlm\u00f6glichkeiten den Besuchern zur Verf\u00fcgung stehen.<\/p>\n\n\n\n<p>2USA ist eine Nachrichten- und Informationswebsite. Wir verlangen von Nutzern keine Kontoerstellung und erfassen im Rahmen der normalen Nutzung der Website keine personenbezogenen Daten, mit Ausnahme einiger weniger Daten, die automatisch erfasst werden.&nbsp;<strong>Google Analytics<\/strong>&nbsp;zur Analyse des Website-Traffics und zur Leistungsmessung.<\/p>\n\n\n\n<h2 class=\"wp-block-heading\">2. Informationen, die wir sammeln<\/h2>\n\n\n\n<h3 class=\"wp-block-heading\">2.1 Automatisch erfasste Informationen<\/h3>\n\n\n\n<p>Beim Zugriff auf oder beim Besuch der Website werden bestimmte Informationen automatisch mithilfe von Analysetechnologien, einschlie\u00dflich Google Analytics, erfasst. Diese Informationen k\u00f6nnen unter anderem Folgendes umfassen:<\/p>\n\n\n\n<ul class=\"wp-block-list\">\n<li>Internetprotokoll (IP-Adresse)<\/li>\n\n\n\n<li>Browsertyp und -version<\/li>\n\n\n\n<li>Ger\u00e4tetyp<\/li>\n\n\n\n<li>Betriebssystem<\/li>\n\n\n\n<li>Ungef\u00e4hre geografische Lage<\/li>\n\n\n\n<li>Verweisende Website oder Quelle<\/li>\n\n\n\n<li>Seitenaufrufe<\/li>\n\n\n\n<li>Zeitaufwand f\u00fcr Seiten<\/li>\n\n\n\n<li>Navigationspfade und allgemeines Nutzungsverhalten<\/li>\n\n\n\n<li>Datum und Uhrzeit des Zugriffs<\/li>\n<\/ul>\n\n\n\n<p>Diese Informationen werden in der Regel in aggregierter oder pseudonymisierter Form erfasst und f\u00fcr statistische, analytische und Website-Verbesserungszwecke verwendet.<\/p>\n\n\n\n<h3 class=\"wp-block-heading\">2.2 Pers\u00f6nliche Daten<\/h3>\n\n\n\n<p>Wir tun es.&nbsp;<strong>nicht<\/strong>&nbsp;absichtlich personenbezogene Daten wie beispielsweise:<\/p>\n\n\n\n<ul class=\"wp-block-list\">\n<li>Vollst\u00e4ndiger Name<\/li>\n\n\n\n<li>Wohn- oder Postanschrift<\/li>\n\n\n\n<li>Telefonnummer<\/li>\n\n\n\n<li>Zahlungsinformationen<\/li>\n\n\n\n<li>Informationen zur staatlichen Identifizierung<\/li>\n<\/ul>\n\n\n\n<p>Es sei denn, Sie \u00fcbermitteln diese Informationen freiwillig \u00fcber einen separaten Kommunikationskanal, beispielsweise durch von Ihnen initiierte E-Mail-Korrespondenz.<\/p>\n\n\n\n<h2 class=\"wp-block-heading\">3. Nutzung von Informationen<\/h2>\n\n\n\n<p>Wir k\u00f6nnen die \u00fcber die Website gesammelten Informationen f\u00fcr legitime gesch\u00e4ftliche und betriebliche Zwecke verwenden, unter anderem um:<\/p>\n\n\n\n<ul class=\"wp-block-list\">\n<li>Website-Traffic und Nutzungstrends \u00fcberwachen und analysieren<\/li>\n\n\n\n<li>Verstehen, wie Besucher mit der Website interagieren<\/li>\n\n\n\n<li>Verbesserung des Inhalts, der Leistung, der Funktionalit\u00e4t und der Benutzerfreundlichkeit der Website<\/li>\n\n\n\n<li>Die Sicherheit und Integrit\u00e4t der Website gew\u00e4hrleisten<\/li>\n\n\n\n<li>Technische Probleme diagnostizieren<\/li>\n\n\n\n<li>Bewerten Sie die Effektivit\u00e4t und Reichweite der ver\u00f6ffentlichten Inhalte.<\/li>\n<\/ul>\n\n\n\n<p>Wir verwenden Website-Analysedaten nicht dazu, einzelne Nutzer direkt zu Marketing- oder Profilingzwecken zu identifizieren.<\/p>\n\n\n\n<h2 class=\"wp-block-heading\">4. Google Analytics<\/h2>\n\n\n\n<p>Die Website verwendet&nbsp;<strong>Google Analytics<\/strong>, Google Analytics, ein Webanalysedienst von Google, erfasst und verarbeitet bestimmte Nutzungsdaten. Google Analytics kann Cookies, Pixel oder \u00e4hnliche Technologien verwenden, um Informationen \u00fcber die Nutzung der Website zu sammeln und Berichte \u00fcber die Website-Aktivit\u00e4ten zu erstellen.<\/p>\n\n\n\n<p>Die von Google Analytics erfassten Informationen k\u00f6nnen technische und nutzungsbezogene Daten wie Ihre IP-Adresse, Ihren Browsertyp, Ger\u00e4teinformationen und Website-Interaktionen umfassen. Diese Informationen werden gem\u00e4\u00df den Datenschutzbestimmungen von Google verarbeitet.<\/p>\n\n\n\n<p>Weitere Informationen dar\u00fcber, wie Google Daten erhebt und verarbeitet, finden Sie in der Datenschutzerkl\u00e4rung von Google unter:<\/p>\n\n\n\n<p><a href=\"https:\/\/policies.google.com\/privacy\">https:\/\/policies.google.com\/privacy<\/a><\/p>\n\n\n\n<p>Nutzer k\u00f6nnen Google Analytics deaktivieren, indem sie das Google Analytics Opt-out Browser-Add-on installieren, das unter folgender Adresse verf\u00fcgbar ist:<\/p>\n\n\n\n<p><a href=\"https:\/\/tools.google.com\/dlpage\/gaoptout\">https:\/\/tools.google.com\/dlpage\/gaoptout<\/a><\/p>\n\n\n\n<h2 class=\"wp-block-heading\">5. Cookies und \u00e4hnliche Technologien<\/h2>\n\n\n\n<p>Die Website kann Cookies und \u00e4hnliche Tracking-Technologien in Verbindung mit Google Analytics verwenden. Cookies sind kleine Textdateien, die auf dem Ger\u00e4t eines Nutzers gespeichert werden, um die effiziente Funktion von Websites zu gew\u00e4hrleisten und analytische Informationen bereitzustellen.<\/p>\n\n\n\n<p>Diese Technologien k\u00f6nnen verwendet werden, um:<\/p>\n\n\n\n<ul class=\"wp-block-list\">\n<li>Wiederholte Besuche erkennen<\/li>\n\n\n\n<li>Verkehrsmuster messen<\/li>\n\n\n\n<li>Besucherinteraktion analysieren<\/li>\n\n\n\n<li>Verbesserung des gesamten Website-Erlebnisses<\/li>\n<\/ul>\n\n\n\n<p>Die meisten Webbrowser erm\u00f6glichen es Nutzern, Cookies \u00fcber die Browsereinstellungen zu verwalten. Sie k\u00f6nnen Cookies blockieren oder deaktivieren; dies kann jedoch die Funktionalit\u00e4t oder Leistung bestimmter Bereiche der Website beeintr\u00e4chtigen.<\/p>\n\n\n\n<h2 class=\"wp-block-heading\">6. Rechtsgrundlage und Zweck der Verarbeitung<\/h2>\n\n\n\n<p>Soweit dies nach den geltenden Datenschutzgesetzen zul\u00e4ssig ist, werden die \u00fcber die Website verarbeiteten, begrenzten analysebezogenen Informationen f\u00fcr berechtigte Interessen verwendet, unter anderem:<\/p>\n\n\n\n<ul class=\"wp-block-list\">\n<li>Betrieb und Wartung der Website<\/li>\n\n\n\n<li>Publikumsbindung verstehen<\/li>\n\n\n\n<li>Verbesserung der Benutzerfreundlichkeit und der Inhaltsbereitstellung<\/li>\n\n\n\n<li>Schutz der Website vor Missbrauch oder technischen Ausf\u00e4llen<\/li>\n<\/ul>\n\n\n\n<p>Wir verkaufen keine Nutzerdaten und sammeln wissentlich keine personenbezogenen Daten zum Zwecke des Weiterverkaufs von Werbemitteln.<\/p>\n\n\n\n<h2 class=\"wp-block-heading\">7. Offenlegung von Informationen<\/h2>\n\n\n\n<p>Da wir bei der normalen Nutzung der Website nicht absichtlich personenbezogene Daten erfassen, geben wir solche Daten nicht an Dritte weiter, au\u00dfer in folgenden F\u00e4llen:<\/p>\n\n\n\n<ul class=\"wp-block-list\">\n<li>An Dienstleister, die Analysen oder Website-Funktionen unterst\u00fctzen, einschlie\u00dflich Google Analytics<\/li>\n\n\n\n<li>Sofern dies nach geltendem Recht, aufgrund eines Gerichtsverfahrens, einer Vorladung, einer gerichtlichen Anordnung oder einer beh\u00f6rdlichen Anfrage erforderlich ist<\/li>\n\n\n\n<li>Sofern die Offenlegung erforderlich ist, um die Rechte, die Sicherheit oder das Eigentum von 2USA, seinen Nutzern oder anderen zu sch\u00fctzen<\/li>\n\n\n\n<li>Im Zusammenhang mit einer Unternehmens\u00fcbertragung, Fusion, Umstrukturierung oder \u00e4hnlichen organisatorischen Transaktion, soweit gesetzlich zul\u00e4ssig<\/li>\n<\/ul>\n\n\n\n<p>Jeder Drittanbieter kann Informationen gem\u00e4\u00df seinen eigenen geltenden Datenschutzbestimmungen und rechtlichen Verpflichtungen verarbeiten.<\/p>\n\n\n\n<h2 class=\"wp-block-heading\">8. Datenaufbewahrung<\/h2>\n\n\n\n<p>Informationen im Zusammenhang mit Analysen k\u00f6nnen so lange gespeichert werden, wie dies zur Erf\u00fcllung der in dieser Datenschutzerkl\u00e4rung beschriebenen Zwecke erforderlich ist, einschlie\u00dflich der Messung des Datenverkehrs, der Analyse der Website-Performance, der technischen Wartung und der Erstellung von Trendberichten, vorbehaltlich der in Google Analytics oder anderen anwendbaren Dienstanbietern konfigurierten Aufbewahrungseinstellungen.<\/p>\n\n\n\n<h2 class=\"wp-block-heading\">9. Internationale Daten\u00fcbermittlung<\/h2>\n\n\n\n<p>Die Website ist international zug\u00e4nglich. Informationen, die mithilfe von Analysetechnologien erfasst werden, k\u00f6nnen in den Vereinigten Staaten oder anderen L\u00e4ndern, in denen unsere Dienstleister t\u00e4tig sind, verarbeitet oder gespeichert werden.<\/p>\n\n\n\n<p>Durch die Nutzung der Website erkl\u00e4ren Sie sich damit einverstanden, dass Informationen in L\u00e4nder \u00fcbertragen und dort verarbeitet werden k\u00f6nnen, die m\u00f6glicherweise nicht das gleiche Datenschutzniveau wie Ihr Wohnsitzland bieten.<\/p>\n\n\n\n<h2 class=\"wp-block-heading\">10. Datensicherheit<\/h2>\n\n\n\n<p>Wir ergreifen angemessene administrative, technische und organisatorische Ma\u00dfnahmen, um die Website und die im Zusammenhang mit ihrem Betrieb verarbeiteten, begrenzten Informationen zu sch\u00fctzen. Dennoch kann f\u00fcr keine Website, Internet\u00fcbertragung oder kein Datenspeichersystem absolute Sicherheit garantiert werden.<\/p>\n\n\n\n<p>Dementsprechend bem\u00fchen wir uns zwar um den Schutz von Informationen, k\u00f6nnen aber keine absolute Sicherheit gew\u00e4hrleisten.<\/p>\n\n\n\n<h2 class=\"wp-block-heading\">11. Links und Dienste von Drittanbietern<\/h2>\n\n\n\n<p>Die Website kann Links zu Websites Dritter, Regierungsquellen oder anderen externen Plattformen enthalten. Diese Datenschutzrichtlinie gilt nicht f\u00fcr Websites oder Dienste Dritter, und wir sind nicht f\u00fcr deren Datenschutz-, Sicherheits- oder Inhaltspraktiken verantwortlich.<\/p>\n\n\n\n<p>Nutzer sollten die Datenschutzrichtlinien aller externen Websites, die sie besuchen, \u00fcberpr\u00fcfen.<\/p>\n\n\n\n<h2 class=\"wp-block-heading\">12. Datenschutz f\u00fcr Kinder<\/h2>\n\n\n\n<p>Die Website richtet sich nicht an Kinder unter 13 Jahren, und wir erfassen wissentlich keine personenbezogenen Daten von Kindern \u00fcber die Website. Sollten wir Kenntnis davon erlangen, dass personenbezogene Daten eines Kindes unter Versto\u00df gegen geltendes Recht erfasst wurden, werden wir angemessene Ma\u00dfnahmen ergreifen, um diese Daten zu l\u00f6schen.<\/p>\n\n\n\n<h2 class=\"wp-block-heading\">13. Ihre Rechte und Wahlm\u00f6glichkeiten<\/h2>\n\n\n\n<p>Je nach Rechtslage haben Sie m\u00f6glicherweise bestimmte Rechte in Bezug auf Ihre personenbezogenen Daten, einschlie\u00dflich des Rechts auf Auskunft, Berichtigung, L\u00f6schung, Einschr\u00e4nkung oder Widerspruch, sofern dies gesetzlich vorgesehen ist.<\/p>\n\n\n\n<p>Da 2USA im Rahmen des normalen Betriebs der Website nicht absichtlich personenbezogene Daten von Nutzern erhebt, k\u00f6nnen diese Rechte in der Praxis eingeschr\u00e4nkt sein. Nutzer k\u00f6nnen jedoch bestimmte Wahlm\u00f6glichkeiten aus\u00fcben, indem sie:<\/p>\n\n\n\n<ul class=\"wp-block-list\">\n<li>Anpassen der Browser-Cookie-Einstellungen<\/li>\n\n\n\n<li>Verwendung von Datenschutzeinstellungen oder Browsererweiterungen<\/li>\n\n\n\n<li>Abmeldung von Google Analytics \u00fcber die von Google bereitgestellten Tools<\/li>\n\n\n\n<li>Kontaktieren Sie uns bei Fragen zum Datenschutz<\/li>\n<\/ul>\n\n\n\n<h2 class=\"wp-block-heading\">14. Nicht verfolgen<\/h2>\n\n\n\n<p>Einige Browser senden m\u00f6glicherweise \u201cDo Not Track\u201d-Signale. Da es derzeit keinen allgemein anerkannten Standard f\u00fcr die Reaktion auf solche Signale gibt, reagiert die Website m\u00f6glicherweise nicht einheitlich darauf.<\/p>\n\n\n\n<h2 class=\"wp-block-heading\">15. \u00c4nderungen dieser Datenschutzrichtlinie<\/h2>\n\n\n\n<p>Wir behalten uns das Recht vor, diese Datenschutzrichtlinie jederzeit nach eigenem Ermessen zu \u00e4ndern, zu \u00fcberarbeiten oder zu aktualisieren. \u00c4nderungen treten mit der Ver\u00f6ffentlichung der \u00fcberarbeiteten Datenschutzrichtlinie auf der Website in Kraft, sofern nichts anderes angegeben ist. Das Datum \u201cG\u00fcltig ab\u201d oder \u201cLetzte Aktualisierung\u201d oben auf dieser Seite gibt an, wann diese Datenschutzrichtlinie zuletzt \u00fcberarbeitet wurde.<\/p>\n\n\n\n<p>Durch Ihre weitere Nutzung der Website nach Ver\u00f6ffentlichung von \u00c4nderungen erkl\u00e4ren Sie sich mit der ge\u00e4nderten Datenschutzrichtlinie einverstanden.<\/p>\n\n\n\n<h2 class=\"wp-block-heading\">16. Kontaktinformationen<\/h2>\n\n\n\n<p>Bei Fragen, Bedenken oder Anfragen bez\u00fcglich dieser Datenschutzrichtlinie k\u00f6nnen Sie uns unter folgender Adresse kontaktieren:<\/p>\n\n\n\n<p><strong>2USA News Inc.<\/strong><br><strong>Webseite:<\/strong>\u00a0<a href=\"https:\/\/www.2usa.org\/de\/\" target=\"_blank\" rel=\"noreferrer noopener\">https:\/\/www.2usa.org<\/a><br><strong>E-Mail:<\/strong>\u00a0privacy@2usa.org<br><strong>Postanschrift:<\/strong> 116 44th St NE, Washington, DC, Vereinigte Staaten von Amerika.<\/p>\n<\/div>\n<\/div>","protected":false},"excerpt":{"rendered":"<p>Datenschutzrichtlinie G\u00fcltig ab: 1. April 2026 Letzte Aktualisierung: 1. April 2026 Diese Datenschutzrichtlinie beschreibt, wie 2USA (\u201c2USA\u201d, \u201cwir\u201d, \u201cuns\u201d oder \u201cunser\u201d) Informationen, die \u00fcber die Website www.2usa.org (die \u201cWebsite\u201d) erfasst werden, sammelt, verwendet, weitergibt und sch\u00fctzt. Durch den Zugriff auf oder die Nutzung der Website best\u00e4tigen Sie, dass Sie diese Datenschutzrichtlinie gelesen und verstanden haben. 1. Geltungsbereich dieser Datenschutzrichtlinie \u2026 <a title=\"Datenschutzrichtlinie\" class=\"read-more\" href=\"https:\/\/www.2usa.org\/de\/privacy-policy\/\" aria-label=\"Weitere Informationen zur Datenschutzerkl\u00e4rung\">Weiterlesen \u2026<\/a><\/p>","protected":false},"author":1,"featured_media":0,"parent":0,"menu_order":0,"comment_status":"closed","ping_status":"closed","template":"","meta":{"footnotes":""},"class_list":{"0":"post-30249","1":"page","2":"type-page","3":"status-publish","5":"no-featured-image-padding"},"yoast_head":"<!-- This site is optimized with the Yoast SEO Premium plugin v27.1 (Yoast SEO v27.1.1) - https:\/\/yoast.com\/product\/yoast-seo-premium-wordpress\/ -->\n<title>Privacy Policy - 2USA.org<\/title>\n<meta name=\"robots\" content=\"index, follow, max-snippet:-1, max-image-preview:large, max-video-preview:-1\" \/>\n<link rel=\"canonical\" href=\"https:\/\/www.2usa.org\/de\/privacy-policy\/\" \/>\n<meta property=\"og:locale\" content=\"de_DE\" \/>\n<meta property=\"og:type\" content=\"article\" \/>\n<meta property=\"og:title\" content=\"Privacy Policy\" \/>\n<meta property=\"og:description\" content=\"Privacy Policy Effective Date:\u00a0Apr 1st, 2026Last Updated:\u00a0Apr 1st, 2026 This Privacy Policy describes how&nbsp;2USA&nbsp;(\u201c2USA,\u201d \u201cwe,\u201d \u201cus,\u201d or \u201cour\u201d) collects, uses, discloses, and protects information obtained through the website located at&nbsp;www.2usa.org&nbsp;(the \u201cSite\u201d). By accessing or using the Site, you acknowledge that you have read and understood this Privacy Policy. 1. Scope of This Privacy Policy This ... Weiterlesen ...\" \/>\n<meta property=\"og:url\" content=\"https:\/\/www.2usa.org\/de\/privacy-policy\/\" \/>\n<meta property=\"og:site_name\" content=\"2USA.org\" \/>\n<meta property=\"article:modified_time\" content=\"2026-04-01T07:17:44+00:00\" \/>\n<meta name=\"twitter:card\" content=\"summary_large_image\" \/>\n<meta name=\"twitter:label1\" content=\"Gesch\u00e4tzte Lesezeit\" \/>\n\t<meta name=\"twitter:data1\" content=\"6\u00a0Minuten\" \/>\n<script type=\"application\/ld+json\" class=\"yoast-schema-graph\">{\"@context\":\"https:\/\/schema.org\",\"@graph\":[{\"@type\":\"WebPage\",\"@id\":\"https:\/\/www.2usa.org\/privacy-policy\/\",\"url\":\"https:\/\/www.2usa.org\/privacy-policy\/\",\"name\":\"Privacy Policy - 2USA.org\",\"isPartOf\":{\"@id\":\"https:\/\/www.2usa.org\/#website\"},\"datePublished\":\"2023-08-24T20:15:00+00:00\",\"dateModified\":\"2026-04-01T07:17:44+00:00\",\"breadcrumb\":{\"@id\":\"https:\/\/www.2usa.org\/privacy-policy\/#breadcrumb\"},\"inLanguage\":\"de\",\"potentialAction\":[{\"@type\":\"ReadAction\",\"target\":[\"https:\/\/www.2usa.org\/privacy-policy\/\"]}]},{\"@type\":\"BreadcrumbList\",\"@id\":\"https:\/\/www.2usa.org\/privacy-policy\/#breadcrumb\",\"itemListElement\":[{\"@type\":\"ListItem\",\"position\":1,\"name\":\"Home\",\"item\":\"https:\/\/www.2usa.org\/\"},{\"@type\":\"ListItem\",\"position\":2,\"name\":\"Privacy Policy\"}]},{\"@type\":\"WebSite\",\"@id\":\"https:\/\/www.2usa.org\/#website\",\"url\":\"https:\/\/www.2usa.org\/\",\"name\":\"2USA.org\",\"description\":\"Navigate Your Path to the United States\",\"publisher\":{\"@id\":\"https:\/\/www.2usa.org\/#organization\"},\"potentialAction\":[{\"@type\":\"SearchAction\",\"target\":{\"@type\":\"EntryPoint\",\"urlTemplate\":\"https:\/\/www.2usa.org\/?s={search_term_string}\"},\"query-input\":{\"@type\":\"PropertyValueSpecification\",\"valueRequired\":true,\"valueName\":\"search_term_string\"}}],\"inLanguage\":\"de\"},{\"@type\":\"Organization\",\"@id\":\"https:\/\/www.2usa.org\/#organization\",\"name\":\"2USA News Inc.\",\"url\":\"https:\/\/www.2usa.org\/\",\"logo\":{\"@type\":\"ImageObject\",\"inLanguage\":\"de\",\"@id\":\"https:\/\/www.2usa.org\/#\/schema\/logo\/image\/\",\"url\":\"https:\/\/www.2usa.org\/wp-content\/uploads\/2026\/03\/cropped-2usa_logo_transparent.png\",\"contentUrl\":\"https:\/\/www.2usa.org\/wp-content\/uploads\/2026\/03\/cropped-2usa_logo_transparent.png\",\"width\":512,\"height\":512,\"caption\":\"2USA News Inc.\"},\"image\":{\"@id\":\"https:\/\/www.2usa.org\/#\/schema\/logo\/image\/\"},\"description\":\"2USA is a private news and information publication based in Washington, D.C., focused on delivering timely, credible, and accessible coverage of U.S. immigration policy, visa developments, regulatory changes, and critical dates that matter to people planning to move to the United States.\",\"email\":\"hello@2usa.org\",\"legalName\":\"2USA News Inc\",\"foundingDate\":\"2025-05-21\",\"numberOfEmployees\":{\"@type\":\"QuantitativeValue\",\"minValue\":\"1\",\"maxValue\":\"10\"}}]}<\/script>\n<!-- \/ Yoast SEO Premium plugin. -->","yoast_head_json":{"title":"Datenschutzrichtlinie - 2USA.org","robots":{"index":"index","follow":"follow","max-snippet":"max-snippet:-1","max-image-preview":"max-image-preview:large","max-video-preview":"max-video-preview:-1"},"canonical":"https:\/\/www.2usa.org\/de\/privacy-policy\/","og_locale":"de_DE","og_type":"article","og_title":"Privacy Policy","og_description":"Privacy Policy Effective Date:\u00a0Apr 1st, 2026Last Updated:\u00a0Apr 1st, 2026 This Privacy Policy describes how&nbsp;2USA&nbsp;(\u201c2USA,\u201d \u201cwe,\u201d \u201cus,\u201d or \u201cour\u201d) collects, uses, discloses, and protects information obtained through the website located at&nbsp;www.2usa.org&nbsp;(the \u201cSite\u201d). By accessing or using the Site, you acknowledge that you have read and understood this Privacy Policy. 1. Scope of This Privacy Policy This ... Weiterlesen ...","og_url":"https:\/\/www.2usa.org\/de\/privacy-policy\/","og_site_name":"2USA.org","article_modified_time":"2026-04-01T07:17:44+00:00","twitter_card":"summary_large_image","twitter_misc":{"Gesch\u00e4tzte Lesezeit":"6\u00a0Minuten"},"schema":{"@context":"https:\/\/schema.org","@graph":[{"@type":"WebPage","@id":"https:\/\/www.2usa.org\/privacy-policy\/","url":"https:\/\/www.2usa.org\/privacy-policy\/","name":"Datenschutzrichtlinie - 2USA.org","isPartOf":{"@id":"https:\/\/www.2usa.org\/#website"},"datePublished":"2023-08-24T20:15:00+00:00","dateModified":"2026-04-01T07:17:44+00:00","breadcrumb":{"@id":"https:\/\/www.2usa.org\/privacy-policy\/#breadcrumb"},"inLanguage":"de","potentialAction":[{"@type":"ReadAction","target":["https:\/\/www.2usa.org\/privacy-policy\/"]}]},{"@type":"BreadcrumbList","@id":"https:\/\/www.2usa.org\/privacy-policy\/#breadcrumb","itemListElement":[{"@type":"ListItem","position":1,"name":"Home","item":"https:\/\/www.2usa.org\/"},{"@type":"ListItem","position":2,"name":"Privacy Policy"}]},{"@type":"WebSite","@id":"https:\/\/www.2usa.org\/#website","url":"https:\/\/www.2usa.org\/","name":"2USA.org","description":"Navigieren Sie Ihren Weg in die Vereinigten Staaten","publisher":{"@id":"https:\/\/www.2usa.org\/#organization"},"potentialAction":[{"@type":"SearchAction","target":{"@type":"EntryPoint","urlTemplate":"https:\/\/www.2usa.org\/?s={search_term_string}"},"query-input":{"@type":"PropertyValueSpecification","valueRequired":true,"valueName":"search_term_string"}}],"inLanguage":"de"},{"@type":"Organization","@id":"https:\/\/www.2usa.org\/#organization","name":"2USA News Inc.","url":"https:\/\/www.2usa.org\/","logo":{"@type":"ImageObject","inLanguage":"de","@id":"https:\/\/www.2usa.org\/#\/schema\/logo\/image\/","url":"https:\/\/www.2usa.org\/wp-content\/uploads\/2026\/03\/cropped-2usa_logo_transparent.png","contentUrl":"https:\/\/www.2usa.org\/wp-content\/uploads\/2026\/03\/cropped-2usa_logo_transparent.png","width":512,"height":512,"caption":"2USA News Inc."},"image":{"@id":"https:\/\/www.2usa.org\/#\/schema\/logo\/image\/"},"description":"2USA ist eine private Nachrichten- und Informationspublikation mit Sitz in Washington, DC, die sich auf die zeitnahe, glaubw\u00fcrdige und leicht zug\u00e4ngliche Berichterstattung \u00fcber die US-Einwanderungspolitik, Visaentwicklungen, regulatorische \u00c4nderungen und wichtige Termine f\u00fcr Menschen konzentriert, die einen Umzug in die Vereinigten Staaten planen.","email":"hello@2usa.org","legalName":"2USA News Inc","foundingDate":"2025-05-21","numberOfEmployees":{"@type":"QuantitativeValue","minValue":"1","maxValue":"10"}}]}},"_links":{"self":[{"href":"https:\/\/www.2usa.org\/de\/wp-json\/wp\/v2\/pages\/30249","targetHints":{"allow":["GET"]}}],"collection":[{"href":"https:\/\/www.2usa.org\/de\/wp-json\/wp\/v2\/pages"}],"about":[{"href":"https:\/\/www.2usa.org\/de\/wp-json\/wp\/v2\/types\/page"}],"author":[{"embeddable":true,"href":"https:\/\/www.2usa.org\/de\/wp-json\/wp\/v2\/users\/1"}],"replies":[{"embeddable":true,"href":"https:\/\/www.2usa.org\/de\/wp-json\/wp\/v2\/comments?post=30249"}],"version-history":[{"count":2,"href":"https:\/\/www.2usa.org\/de\/wp-json\/wp\/v2\/pages\/30249\/revisions"}],"predecessor-version":[{"id":49721,"href":"https:\/\/www.2usa.org\/de\/wp-json\/wp\/v2\/pages\/30249\/revisions\/49721"}],"wp:attachment":[{"href":"https:\/\/www.2usa.org\/de\/wp-json\/wp\/v2\/media?parent=30249"}],"curies":[{"name":"wp","href":"https:\/\/api.w.org\/{rel}","templated":true}]}}